{"id":1021,"date":"2022-01-31T13:38:15","date_gmt":"2022-01-31T10:38:15","guid":{"rendered":"https:\/\/atom.ubbcluj.ro\/fizika\/?page_id=1021"},"modified":"2025-04-28T15:09:16","modified_gmt":"2025-04-28T12:09:16","slug":"a-fizika-kar-oktatasi-kinalata","status":"publish","type":"page","link":"https:\/\/atom.ubbcluj.ro\/fizika\/a-fizika-kar-oktatasi-kinalata\/","title":{"rendered":"A Fizika Kar oktat\u00e1si k\u00edn\u00e1lata"},"content":{"rendered":"\n<div class=\"wp-block-columns is-layout-flex wp-container-core-columns-is-layout-9d6595d7 wp-block-columns-is-layout-flex\">\n<div class=\"wp-block-column is-layout-flow wp-block-column-is-layout-flow\" style=\"flex-basis:66.66%\">\n<h3 class=\"wp-block-heading\">Mit aj\u00e1nlunk?<\/h3>\n\n\n\n<ul class=\"wp-block-list\">\n<li><a href=\"https:\/\/atom.ubbcluj.ro\/fizika\/kutatas\/\" data-type=\"page\" data-id=\"44\">\u00c9lvonalbeli kutat\u00e1si lehet\u0151s\u00e9gek<\/a><\/li>\n\n\n\n<li><a href=\"https:\/\/atom.ubbcluj.ro\/fizika\/2022\/01\/05\/programozhato-komplex-rendszerek-labor\/\" data-type=\"post\" data-id=\"994\">Folyamatosan meg\u00fajul\u00f3 di\u00e1klaborat\u00f3riumok \u00e9s k\u00eds\u00e9rleti eszk\u00f6z\u00f6k<\/a><\/li>\n\n\n\n<li><a href=\"https:\/\/atom.ubbcluj.ro\/fizika\/munkatarsak\/\" data-type=\"page\" data-id=\"69\">A szakm\u00e1ban vil\u00e1gszinten elismert oktat\u00f3k<\/a><\/li>\n\n\n\n<li>Egy\u00fcttm\u0171k\u00f6d\u0151 \u00e9s befogad\u00f3 kiscsoportos tanul\u00e1si k\u00f6rnyezet<\/li>\n\n\n\n<li><a href=\"https:\/\/atom.ubbcluj.ro\/fizika\/szakmai-gyakorlat\/\" data-type=\"page\" data-id=\"1106\">Kapcsolat az iparral, szakmai gyakorlat \u00e9s karrierfejleszt\u00e9si lehet\u0151s\u00e9gek<\/a><\/li>\n<\/ul>\n<\/div>\n\n\n\n<div class=\"wp-block-column is-layout-flow wp-block-column-is-layout-flow\" style=\"flex-basis:33.33%\"><\/div>\n<\/div>\n\n\n\n<h3 class=\"wp-block-heading\">Alapk\u00e9pz\u00e9si (BSc) szakok<\/h3>\n\n\n\n<h4 class=\"wp-block-heading\">Fizika k\u00e9pz\u00e9si \u00e1g<\/h4>\n\n\n\n<div class=\"wp-block-columns is-layout-flex wp-container-core-columns-is-layout-9d6595d7 wp-block-columns-is-layout-flex\">\n<div class=\"wp-block-column has-background is-layout-flow wp-block-column-is-layout-flow\" style=\"background-color:#135463\">\n<figure class=\"wp-block-image size-full click-fizika point-hover\"><img loading=\"lazy\" decoding=\"async\" width=\"150\" height=\"188\" src=\"https:\/\/atom.ubbcluj.ro\/fizika\/wp-content\/uploads\/2022\/02\/fiz_150x188.png\" alt=\"\" class=\"wp-image-1047\"\/><figcaption class=\"wp-element-caption\"><em><strong>Fizika Szak<\/strong><\/em><br>magyar vagy rom\u00e1n tannyelv\u0171 3 \u00e9ves k\u00e9pz\u00e9s<\/figcaption><\/figure>\n<\/div>\n\n\n\n<div class=\"wp-block-column has-background is-layout-flow wp-block-column-is-layout-flow\" style=\"background-color:#135463\">\n<figure class=\"wp-block-image size-full click-fizinfo point-hover\"><img loading=\"lazy\" decoding=\"async\" width=\"200\" height=\"164\" src=\"https:\/\/atom.ubbcluj.ro\/fizika\/wp-content\/uploads\/2022\/02\/fizinfo.png\" alt=\"\" class=\"wp-image-1048\"\/><figcaption class=\"wp-element-caption\"><br><em><strong>Fizika Informatika Szak<\/strong><\/em><br>magyar vagy rom\u00e1n tannyelv\u0171 3 \u00e9ves k\u00e9pz\u00e9s<\/figcaption><\/figure>\n<\/div>\n\n\n\n<div class=\"wp-block-column has-background is-layout-flow wp-block-column-is-layout-flow\" style=\"background-color:#135463\">\n<figure class=\"wp-block-image size-full click-orvosifizika\"><img loading=\"lazy\" decoding=\"async\" width=\"200\" height=\"148\" src=\"https:\/\/atom.ubbcluj.ro\/fizika\/wp-content\/uploads\/2022\/02\/orvosfiz.png\" alt=\"\" class=\"wp-image-1049\"\/><figcaption class=\"wp-element-caption\"><br><br><strong>O<em>rvosi Fizika Szak<\/em><\/strong><br>rom\u00e1n tannyelv\u0171 3 \u00e9ves k\u00e9pz\u00e9s<\/figcaption><\/figure>\n<\/div>\n<\/div>\n\n\n\n<h4 class=\"wp-block-heading\">Alkalmazott m\u00e9rn\u00f6ki tudom\u00e1nyok k\u00e9pz\u00e9si \u00e1g<\/h4>\n\n\n\n<div class=\"wp-block-columns is-layout-flex wp-container-core-columns-is-layout-9d6595d7 wp-block-columns-is-layout-flex\">\n<div class=\"wp-block-column has-background is-layout-flow wp-block-column-is-layout-flow\" style=\"background-color:#135463\">\n<figure class=\"wp-block-image size-full click-mernokifizika point-hover\"><img loading=\"lazy\" decoding=\"async\" width=\"200\" height=\"243\" src=\"https:\/\/atom.ubbcluj.ro\/fizika\/wp-content\/uploads\/2022\/02\/mernokfiz.png\" alt=\"\" class=\"wp-image-1064\"\/><figcaption class=\"wp-element-caption\"><strong><em>M\u00e9rn\u00f6ki Fizika Szak<\/em><\/strong><br>magyar vagy rom\u00e1n nyelv\u0171 4 \u00e9ves alapk\u00e9pz\u00e9s<\/figcaption><\/figure>\n\n\n\n<p><\/p>\n<\/div>\n\n\n\n<div class=\"wp-block-column is-layout-flow wp-block-column-is-layout-flow\"><\/div>\n\n\n\n<div class=\"wp-block-column is-layout-flow wp-block-column-is-layout-flow\"><\/div>\n<\/div>\n\n\n\n<hr class=\"wp-block-separator has-css-opacity\"\/>\n\n\n\n<h3 class=\"wp-block-heading\">Mesterk\u00e9pz\u00e9si (MSc) szakok<\/h3>\n\n\n\n<ul class=\"wp-block-list\">\n<li><em>Sz\u00e1m\u00edt\u00f3g\u00e9pes Fizika (Computational Physics)<\/em> &#8211; angol nyelv\u0171 2 \u00e9ves k\u00e9pz\u00e9s<\/li>\n\n\n\n<li><em>Szil\u00e1rdtest Fizika (Solid State Physics)<\/em> &#8211; angol nyelv\u0171 2 \u00e9ves k\u00e9pz\u00e9s<\/li>\n\n\n\n<li><em>Biofizika \u00e9s Orvosi Fizika (Biofizic\u0103 \u0219i Fizic\u0103 Medical\u0103)<\/em> &#8211; rom\u00e1n nyelv\u0171 2 \u00e9ves k\u00e9pz\u00e9s<\/li>\n\n\n\n<li><em>Nagyenergi\u00e1s fizika (High Energy Physics)<\/em> &#8211; angol nyelv\u0171 2 \u00e9ves k\u00e9pz\u00e9s<\/li>\n<\/ul>\n\n\n\n<hr class=\"wp-block-separator has-css-opacity\"\/>\n\n\n\n<h3 class=\"wp-block-heading\">Tan\u00e1rk\u00e9pz\u00e9s<\/h3>\n\n\n\n<p>A Tan\u00e1rk\u00e9pz\u0151 Int\u00e9zet pszichopedag\u00f3giai k\u00e9pz\u00e9s\u00e9re val\u00f3 beiratkoz\u00e1sra az egyetemi felv\u00e9telivel egy id\u0151ben (j\u00faliusi \u00e9s szeptemberi felv\u00e9teli id\u0151szak), a Tan\u00e1rk\u00e9pz\u0151 Int\u00e9zet keret\u00e9ben ker\u00fcl sor.&nbsp;A jelentkez\u0151k pszichopedag\u00f3giai k\u00e9pz\u00e9s\u00e9re val\u00f3 beiratkoz\u00e1sa egy motiv\u00e1ci\u00f3s essz\u00e9 alapj\u00e1n k\u00e9sz\u00edtett interj\u00fa sor\u00e1n t\u00f6rt\u00e9nik.&nbsp;Ezzel kapcsolatban tov\u00e1bbi r\u00e9szletek a <a href=\"https:\/\/infoadmitere.ubbcluj.ro\/hu\/licenta\/modul_pedagogic\" target=\"_blank\" rel=\"noreferrer noopener\">BBTE weboldal\u00e1n<\/a> olvashat\u00f3k.<\/p>\n\n\n\n<hr class=\"wp-block-separator has-css-opacity\"\/>\n\n\n\n<h3 class=\"wp-block-heading\">Doktori K\u00e9pz\u00e9s<\/h3>\n\n\n\n<p>Mesteri k\u00e9p\u00e9st v\u00e9gzett di\u00e1kok a Fizika Kar Doktori Iskol\u00e1j\u00e1nak keretein bel\u00fcl folytathatj\u00e1k tanum\u00e1nyaikat. R\u00e9szletek a <a href=\"http:\/\/phys.ubbcluj.ro\/departamente\/sd.htm\">Doktori Iskola<\/a>  honlapj\u00e1n tal\u00e1lhat\u00f3ak.<\/p>\n\n\n\n<hr class=\"wp-block-separator has-css-opacity\"\/>\n\n\n\n<div class=\"wp-block-buttons is-layout-flex wp-block-buttons-is-layout-flex\">\n<div class=\"wp-block-button\"><a class=\"wp-block-button__link wp-element-button\" href=\"https:\/\/atom.ubbcluj.ro\/fizika\/a-felveteli-menete\/\">A felv\u00e9teli menete <i class=\"fas fa-forward\"><\/i><\/a><\/div>\n<\/div>\n","protected":false},"excerpt":{"rendered":"<p>Mit aj\u00e1nlunk? Alapk\u00e9pz\u00e9si (BSc) szakok Fizika k\u00e9pz\u00e9si \u00e1g Alkalmazott m\u00e9rn\u00f6ki tudom\u00e1nyok k\u00e9pz\u00e9si \u00e1g Mesterk\u00e9pz\u00e9si (MSc) szakok Tan\u00e1rk\u00e9pz\u00e9s A Tan\u00e1rk\u00e9pz\u0151 Int\u00e9zet pszichopedag\u00f3giai k\u00e9pz\u00e9s\u00e9re val\u00f3 beiratkoz\u00e1sra az egyetemi felv\u00e9telivel egy id\u0151ben (j\u00faliusi \u00e9s szeptemberi felv\u00e9teli id\u0151szak), a Tan\u00e1rk\u00e9pz\u0151 Int\u00e9zet keret\u00e9ben ker\u00fcl sor.&nbsp;A jelentkez\u0151k pszichopedag\u00f3giai k\u00e9pz\u00e9s\u00e9re val\u00f3 beiratkoz\u00e1sa egy motiv\u00e1ci\u00f3s essz\u00e9 alapj\u00e1n k\u00e9sz\u00edtett interj\u00fa sor\u00e1n t\u00f6rt\u00e9nik.&nbsp;Ezzel kapcsolatban tov\u00e1bbi &hellip; <\/p>\n<div class=\"link-more\"><a href=\"https:\/\/atom.ubbcluj.ro\/fizika\/a-fizika-kar-oktatasi-kinalata\/\" class=\"more-link\">Read More<span class=\"screen-reader-text\"> &#8220;A Fizika Kar oktat\u00e1si k\u00edn\u00e1lata&#8221;<\/span><\/a><\/div>\n","protected":false},"author":3,"featured_media":0,"parent":0,"menu_order":0,"comment_status":"closed","ping_status":"closed","template":"","meta":{"wpupg_custom_link":[],"wpupg_custom_link_behaviour":[],"wpupg_custom_link_nofollow":[],"wpupg_custom_image":[],"wpupg_custom_image_id":[],"footnotes":""},"class_list":["post-1021","page","type-page","status-publish","hentry"],"featured_image_src":null,"_links":{"self":[{"href":"https:\/\/atom.ubbcluj.ro\/fizika\/wp-json\/wp\/v2\/pages\/1021","targetHints":{"allow":["GET"]}}],"collection":[{"href":"https:\/\/atom.ubbcluj.ro\/fizika\/wp-json\/wp\/v2\/pages"}],"about":[{"href":"https:\/\/atom.ubbcluj.ro\/fizika\/wp-json\/wp\/v2\/types\/page"}],"author":[{"embeddable":true,"href":"https:\/\/atom.ubbcluj.ro\/fizika\/wp-json\/wp\/v2\/users\/3"}],"replies":[{"embeddable":true,"href":"https:\/\/atom.ubbcluj.ro\/fizika\/wp-json\/wp\/v2\/comments?post=1021"}],"version-history":[{"count":49,"href":"https:\/\/atom.ubbcluj.ro\/fizika\/wp-json\/wp\/v2\/pages\/1021\/revisions"}],"predecessor-version":[{"id":2789,"href":"https:\/\/atom.ubbcluj.ro\/fizika\/wp-json\/wp\/v2\/pages\/1021\/revisions\/2789"}],"wp:attachment":[{"href":"https:\/\/atom.ubbcluj.ro\/fizika\/wp-json\/wp\/v2\/media?parent=1021"}],"curies":[{"name":"wp","href":"https:\/\/api.w.org\/{rel}","templated":true}]}}