{"id":1029,"date":"2022-01-31T14:37:58","date_gmt":"2022-01-31T11:37:58","guid":{"rendered":"https:\/\/atom.ubbcluj.ro\/fizika\/?page_id=1029"},"modified":"2025-09-04T13:49:21","modified_gmt":"2025-09-04T10:49:21","slug":"felveteli-naptar","status":"publish","type":"page","link":"https:\/\/atom.ubbcluj.ro\/fizika\/felveteli-naptar\/","title":{"rendered":"Felv\u00e9teli Napt\u00e1r"},"content":{"rendered":"\n<ul class=\"wp-block-list\">\n<li><strong>Online beiratkoz\u00e1s:<\/strong> 2025 szeptember 5 \u2013 8 (a platform d\u00e9li 12 \u00f3rakor z\u00e1rul).<\/li>\n\n\n\n<li><strong>\u00c9szrev\u00e9telek (el\u00edr\u00e1sok, hib\u00e1k) jelz\u00e9se:<\/strong> 2025 szeptember 8 \u2013 9.<\/li>\n\n\n\n<li><strong>Felv\u00e9teli vizsga (teszt):<\/strong> 2025 szeptember 9 (szem\u00e9lyes jelenl\u00e9ttel a Fizika Karon, Kolozsv\u00e1r, Farkas (Kogalniceanu) u. 1 sz.)<\/li>\n\n\n\n<li><strong>Teszteredm\u00e9nyek kif\u00fcggeszt\u00e9se:<\/strong> 2025 szeptember 9.<\/li>\n\n\n\n<li><strong>Fellebbez\u00e9sek beny\u00fajt\u00e1sa \u00e9s az eredm\u00e9nyek kif\u00fcggeszt\u00e9se:<\/strong> 2025 szeptember 9 \u2013 10.<\/li>\n\n\n\n<li><strong>A helyek visszaigazol\u00e1sa, els\u0151 szakasz:<\/strong> 2025 szeptember 11.<\/li>\n\n\n\n<li><strong>Az eredeti dokumentumok beny\u00fajt\u00e1sa:<\/strong> 2025 szeptember 11 (munkanapokon).<sup>*<\/sup><\/li>\n\n\n\n<li><strong>Az els\u0151 szakasz ut\u00e1n megmaradt helyek \u00fajraoszt\u00e1sa: <\/strong>2025 szeptember 12.<\/li>\n\n\n\n<li><strong>Az \u00fajraosztott helyek visszaigazol\u00e1sa, m\u00e1sodik szakasz:<\/strong> 2025 szeptember 12 \u2013 14.<\/li>\n\n\n\n<li><strong>A v\u00e9gleges eredm\u00e9nyek kif\u00fcggeszt\u00e9se:<\/strong> 2025 szeptember 15.<\/li>\n<\/ul>\n\n\n\n<p><sup>*<\/sup> Az eredeti dokumentumok a felv\u00e9teli id\u0151szak alatt (2025 szeptember 5 \u2013 12) b\u00e1rmikor beny\u00fajthat\u00f3ak a Fizika Kar titk\u00e1rs\u00e1g\u00e1n, munkanapokon 09:00-16:00 \u00f3ra k\u00f6z\u00f6tt.<\/p>\n\n\n\n<hr class=\"wp-block-separator has-alpha-channel-opacity\" \/>\n\n\n\n<div class=\"wp-block-buttons is-layout-flex wp-block-buttons-is-layout-flex\">\n<div class=\"wp-block-button\"><a class=\"wp-block-button__link wp-element-button\" href=\"https:\/\/atom.ubbcluj.ro\/fizika\/a-felveteli-menete\/\"><i class=\"fas fa-backward\"><\/i> A felv\u00e9teli menete<\/a><\/div>\n\n\n\n<div class=\"wp-block-button\"><a class=\"wp-block-button__link wp-element-button\" href=\"https:\/\/atom.ubbcluj.ro\/fizika\/felveteli-vizsga\/\">Felv\u00e9teli vizsga <i class=\"fas fa-forward\"><\/i><\/a><\/div>\n\n\n<\/div>\n","protected":false},"excerpt":{"rendered":"<p>* Az eredeti dokumentumok a felv\u00e9teli id\u0151szak alatt (2025 szeptember 5 \u2013 12) b\u00e1rmikor beny\u00fajthat\u00f3ak a Fizika Kar titk\u00e1rs\u00e1g\u00e1n, munkanapokon 09:00-16:00 \u00f3ra k\u00f6z\u00f6tt.<\/p>\n","protected":false},"author":3,"featured_media":0,"parent":0,"menu_order":0,"comment_status":"closed","ping_status":"closed","template":"","meta":{"wpupg_custom_link":[],"wpupg_custom_link_behaviour":[],"wpupg_custom_link_nofollow":[],"wpupg_custom_image":[],"wpupg_custom_image_id":[],"footnotes":""},"class_list":["post-1029","page","type-page","status-publish","hentry"],"featured_image_src":null,"_links":{"self":[{"href":"https:\/\/atom.ubbcluj.ro\/fizika\/wp-json\/wp\/v2\/pages\/1029","targetHints":{"allow":["GET"]}}],"collection":[{"href":"https:\/\/atom.ubbcluj.ro\/fizika\/wp-json\/wp\/v2\/pages"}],"about":[{"href":"https:\/\/atom.ubbcluj.ro\/fizika\/wp-json\/wp\/v2\/types\/page"}],"author":[{"embeddable":true,"href":"https:\/\/atom.ubbcluj.ro\/fizika\/wp-json\/wp\/v2\/users\/3"}],"replies":[{"embeddable":true,"href":"https:\/\/atom.ubbcluj.ro\/fizika\/wp-json\/wp\/v2\/comments?post=1029"}],"version-history":[{"count":26,"href":"https:\/\/atom.ubbcluj.ro\/fizika\/wp-json\/wp\/v2\/pages\/1029\/revisions"}],"predecessor-version":[{"id":2911,"href":"https:\/\/atom.ubbcluj.ro\/fizika\/wp-json\/wp\/v2\/pages\/1029\/revisions\/2911"}],"wp:attachment":[{"href":"https:\/\/atom.ubbcluj.ro\/fizika\/wp-json\/wp\/v2\/media?parent=1029"}],"curies":[{"name":"wp","href":"https:\/\/api.w.org\/{rel}","templated":true}]}}