{"id":1529,"date":"2022-05-19T14:45:46","date_gmt":"2022-05-19T11:45:46","guid":{"rendered":"https:\/\/atom.ubbcluj.ro\/fizika\/?page_id=1529"},"modified":"2025-09-04T15:17:31","modified_gmt":"2025-09-04T12:17:31","slug":"felveteli-vizsga","status":"publish","type":"page","link":"https:\/\/atom.ubbcluj.ro\/fizika\/felveteli-vizsga\/","title":{"rendered":"Felv\u00e9teli vizsga"},"content":{"rendered":"\n<p>Azon di\u00e1kok, akik nem \u00e9rtek el legal\u00e1bb 70 pontot az &#8220;Augustin Maior&#8221; fizikaversenyen, vagy nincs tanulm\u00e1nyi versenyen el\u00e9rt eredm\u00e9ny\u00fck, r\u00e9szt kell vegyenek a Fizika Kar felv\u00e9teli vizsg\u00e1j\u00e1n.<\/p>\n\n\n\n<h3 class=\"wp-block-heading\">Az \u00edr\u00e1sbeli vizsg\u00e1val kapcsolatos r\u00e9szletek:<\/h3>\n\n\n\n<ul class=\"wp-block-list\">\n<li>Id\u0151pont: 2025 szeptember 9, d\u00e9lel\u0151tt 10 \u00f3ra, a terembe bemenni 9:30-kor lehet<\/li>\n\n\n\n<li>Helysz\u00edn: BBTE f\u0151\u00e9p\u00fclete, Mihail Kogalniceanu (Farkas utca) 1 sz\u00e1m, 2. emelet, Augustin Maior nagyel\u0151ad\u00f3 (239-es terem)<\/li>\n\n\n\n<li>Id\u0151tartam: 90 perc<\/li>\n\n\n\n<li>R\u00e9szv\u00e9tel felt\u00e9telei: a jel\u00f6lt szem\u00e9lyi igazolv\u00e1nya felmutat\u00e1s\u00e1t \u00e9s beiratkoz\u00e1skor a rendszer \u00e1ltal ki\u00e1ll\u00edtott azonos\u00edt\u00f3 k\u00f3d bemond\u00e1s\u00e1t k\u00f6vet\u0151en l\u00e9p be a vizsgaterembe. Sz\u00e1mol\u00f3g\u00e9p haszn\u00e1lata megengedett, telefon haszn\u00e1lata tilos.<\/li>\n\n\n\n<li class=\"visszaigazolas\">A Kolozsv\u00e1rra val\u00f3 t\u00f6bbsz\u00f6ri utaz\u00e1s elker\u00fcl\u00e9se \u00e9rdek\u00e9ben a <a href=\"#\" target=\"_blank\" rel=\"noreferrer noopener\">hely elfoglal\u00e1s\u00e1nak visszaigazol\u00e1s\u00e1hoz sz\u00fcks\u00e9ges akt\u00e1k<\/a> a vizsg\u00e1t k\u00f6vet\u0151en a titk\u00e1rs\u00e1gon leadhat\u00f3k. <\/li>\n\n\n\n<li>Az \u00edr\u00e1sbeli vizsga tematik\u00e1ja megegyezik az \u00e9retts\u00e9gi vizsga <a href=\"https:\/\/atom.ubbcluj.ro\/fizika\/wp-content\/uploads\/2022\/07\/OME_ENVIII_BAC_3237_05022021_Anexa_2_arii_tematice_bac.pdf\">tematik\u00e1j\u00e1val<\/a>.<\/li>\n\n\n\n<li>A megoldand\u00f3 feladatok tesztk\u00e9rd\u00e9sek form\u00e1j\u00e1ban vannak feladva, ahol minden k\u00e9rd\u00e9shez 1 helyes v\u00e1lasz tartozik.<\/li>\n\n\n\n<li>A Feladatlap 4 t\u00e9telsort tartalmaz (Mechanika, Termodinamika, Elektromoss\u00e1gtan, Optika), amelyek k\u00f6z\u00fcl a felv\u00e9teliz\u0151knek &#8211; szabadon v\u00e1lasztva &#8211; 2 t\u00e9telsort kell megoldaniuk.<\/li>\n\n\n\n<li><a href=\"http:\/\/a\">\u00cdr\u00e1sbeli teszt eredm\u00e9nyek 2025 szeptember 9<\/a><\/li>\n\n\n\n<li>Fellebez\u00e9s (elektronikusan &#8211; a secretariat.phys[at]ubbcluj.ro email c\u00edmen): szeptember 9-10 (14:00 \u00f3r\u00e1ig)<\/li>\n\n\n\n<li><a href=\"http:\/\/a\" data-type=\"link\" data-id=\"https:\/\/phys.ubbcluj.ro\/admitere\/2025\/Lista_Admisi_Pe_Etapa_Vara%20_Toate%20specializarile_17_07_2025.pdf\">Felv\u00e9teli eredm\u00e9nyek visszaigazol\u00e1st megel\u0151z\u0151en 2025 szeptember<\/a><\/li>\n<\/ul>\n\n\n\n<h3 class=\"wp-block-heading\">Az el\u0151z\u0151 \u00e9v t\u00e9telsorai<\/h3>\n\n\n\n<ul class=\"wp-block-list\">\n<li><a href=\"https:\/\/atom.ubbcluj.ro\/fizika\/wp-content\/uploads\/2022\/07\/tg1_HU-1.pdf\">Ny\u00e1ri felv\u00e9teli<\/a><\/li>\n\n\n\n<li><a href=\"https:\/\/atom.ubbcluj.ro\/fizika\/wp-content\/uploads\/2022\/05\/tg2_HU-1.pdf\">\u0150szi felv\u00e9teli<\/a><\/li>\n<\/ul>\n\n\n\n<div class=\"wp-block-buttons is-layout-flex wp-block-buttons-is-layout-flex\">\n<div class=\"wp-block-button\"><a class=\"wp-block-button__link wp-element-button\" href=\"https:\/\/atom.ubbcluj.ro\/fizika\/felveteli-naptar\/\"><i class=\"fas fa-backward\"><\/i> felv\u00e9teli napt\u00e1r<\/a><\/div>\n<\/div>\n\n\n\n<p><\/p>\n","protected":false},"excerpt":{"rendered":"<p>Azon di\u00e1kok, akik nem \u00e9rtek el legal\u00e1bb 70 pontot az &#8220;Augustin Maior&#8221; fizikaversenyen, vagy nincs tanulm\u00e1nyi versenyen el\u00e9rt eredm\u00e9ny\u00fck, r\u00e9szt kell vegyenek a Fizika Kar felv\u00e9teli vizsg\u00e1j\u00e1n. Az \u00edr\u00e1sbeli vizsg\u00e1val kapcsolatos r\u00e9szletek: Az el\u0151z\u0151 \u00e9v t\u00e9telsorai<\/p>\n","protected":false},"author":3,"featured_media":0,"parent":0,"menu_order":0,"comment_status":"closed","ping_status":"closed","template":"","meta":{"wpupg_custom_link":[],"wpupg_custom_link_behaviour":[],"wpupg_custom_link_nofollow":[],"wpupg_custom_image":[],"wpupg_custom_image_id":[],"footnotes":""},"class_list":["post-1529","page","type-page","status-publish","hentry"],"featured_image_src":null,"_links":{"self":[{"href":"https:\/\/atom.ubbcluj.ro\/fizika\/wp-json\/wp\/v2\/pages\/1529","targetHints":{"allow":["GET"]}}],"collection":[{"href":"https:\/\/atom.ubbcluj.ro\/fizika\/wp-json\/wp\/v2\/pages"}],"about":[{"href":"https:\/\/atom.ubbcluj.ro\/fizika\/wp-json\/wp\/v2\/types\/page"}],"author":[{"embeddable":true,"href":"https:\/\/atom.ubbcluj.ro\/fizika\/wp-json\/wp\/v2\/users\/3"}],"replies":[{"embeddable":true,"href":"https:\/\/atom.ubbcluj.ro\/fizika\/wp-json\/wp\/v2\/comments?post=1529"}],"version-history":[{"count":75,"href":"https:\/\/atom.ubbcluj.ro\/fizika\/wp-json\/wp\/v2\/pages\/1529\/revisions"}],"predecessor-version":[{"id":2914,"href":"https:\/\/atom.ubbcluj.ro\/fizika\/wp-json\/wp\/v2\/pages\/1529\/revisions\/2914"}],"wp:attachment":[{"href":"https:\/\/atom.ubbcluj.ro\/fizika\/wp-json\/wp\/v2\/media?parent=1529"}],"curies":[{"name":"wp","href":"https:\/\/api.w.org\/{rel}","templated":true}]}}