{"id":1559,"date":"2022-05-23T16:20:19","date_gmt":"2022-05-23T13:20:19","guid":{"rendered":"https:\/\/atom.ubbcluj.ro\/fizika\/?page_id=1559"},"modified":"2025-06-02T13:42:47","modified_gmt":"2025-06-02T10:42:47","slug":"zarovizsgak","status":"publish","type":"page","link":"https:\/\/atom.ubbcluj.ro\/fizika\/zarovizsgak\/","title":{"rendered":"Z\u00e1r\u00f3vizsg\u00e1k 2025"},"content":{"rendered":"\n<div class=\"wp-block-media-text alignwide has-media-on-the-right is-stacked-on-mobile\" style=\"grid-template-columns:auto 18%\"><div class=\"wp-block-media-text__content\">\n<h3 class=\"wp-block-heading\">Fontos id\u0151pontok<\/h3>\n\n\n\n<h4 class=\"wp-block-heading\">Alapk\u00e9pz\u00e9s<\/h4>\n\n\n\n<ul class=\"wp-block-list\">\n<li><strong>Beiratkoz\u00e1s:<\/strong> J\u00fanius 16 &#8211; 26 (16:00 \u00f3ra)<\/li>\n\n\n\n<li><strong>\u00cdr\u00e1sbeli vizsga:<\/strong> J\u00falius 01<\/li>\n\n\n\n<li><strong>Licensz dolgozat megv\u00e9d\u00e9se:<\/strong> J\u00falius 03<\/li>\n<\/ul>\n\n\n\n<h4 class=\"wp-block-heading\">Mesterk\u00e9pz\u00e9s<\/h4>\n\n\n\n<ul class=\"wp-block-list\">\n<li><strong>Beiratkoz\u00e1s:<\/strong> J\u00fanius 16 &#8211; 26 (16:00 \u00f3ra)<\/li>\n\n\n\n<li><strong>Mesteri dolgozat megv\u00e9d\u00e9se:<\/strong> J\u00falius 02<\/li>\n<\/ul>\n<\/div><figure class=\"wp-block-media-text__media\"><img loading=\"lazy\" decoding=\"async\" width=\"700\" height=\"703\" src=\"https:\/\/atom.ubbcluj.ro\/fizika\/wp-content\/uploads\/2022\/05\/calendar-6047490.png\" alt=\"\" class=\"wp-image-1578 size-full\" srcset=\"https:\/\/atom.ubbcluj.ro\/fizika\/wp-content\/uploads\/2022\/05\/calendar-6047490.png 700w, https:\/\/atom.ubbcluj.ro\/fizika\/wp-content\/uploads\/2022\/05\/calendar-6047490-300x300.png 300w, https:\/\/atom.ubbcluj.ro\/fizika\/wp-content\/uploads\/2022\/05\/calendar-6047490-150x150.png 150w, https:\/\/atom.ubbcluj.ro\/fizika\/wp-content\/uploads\/2022\/05\/calendar-6047490-100x100.png 100w\" sizes=\"auto, (max-width: 700px) 100vw, 700px\" \/><\/figure><\/div>\n\n\n\n<hr class=\"wp-block-separator has-css-opacity\"\/>\n\n\n\n<div class=\"wp-block-media-text alignwide has-media-on-the-right is-stacked-on-mobile\" style=\"grid-template-columns:auto 18%\"><div class=\"wp-block-media-text__content\">\n<h2 class=\"wp-block-heading\">Szab\u00e1lyzatok<\/h2>\n\n\n\n<ul class=\"wp-block-list\">\n<li><a href=\"https:\/\/www.ubbcluj.ro\/ro\/studenti\/files\/invatamant\/Regulament_examene_finalizare_studii_2024_dupa_Senat_FINAL.PDF\">Az egyetem szab\u00e1lyzata <\/a><\/li>\n\n\n\n<li><a href=\"https:\/\/phys.ubbcluj.ro\/licenta\/regulamente\/2025\/Reg_finalizare_studii_iulie2025.docx\" data-type=\"URL\">A Fizika Kar m\u00f3dszertana<\/a><\/li>\n\n\n\n<li><a href=\"https:\/\/www.ubbcluj.ro\/ro\/studenti\/files\/invatamant\/Anexa_1_Certificate_%C8%99i_atestate_lingvistice_acceptate_2022_13.12.2021.pdf\">Elismert nyelvvizsga-bizony\u00edtv\u00e1nyok<\/a><\/li>\n<\/ul>\n<\/div><figure class=\"wp-block-media-text__media\"><img loading=\"lazy\" decoding=\"async\" width=\"772\" height=\"697\" src=\"https:\/\/atom.ubbcluj.ro\/fizika\/wp-content\/uploads\/2022\/05\/policy.png\" alt=\"\" class=\"wp-image-1583 size-full\" srcset=\"https:\/\/atom.ubbcluj.ro\/fizika\/wp-content\/uploads\/2022\/05\/policy.png 772w, https:\/\/atom.ubbcluj.ro\/fizika\/wp-content\/uploads\/2022\/05\/policy-300x271.png 300w, https:\/\/atom.ubbcluj.ro\/fizika\/wp-content\/uploads\/2022\/05\/policy-768x693.png 768w\" sizes=\"auto, (max-width: 772px) 100vw, 772px\" \/><\/figure><\/div>\n\n\n\n<hr class=\"wp-block-separator has-css-opacity\"\/>\n\n\n\n<div class=\"wp-block-media-text alignwide has-media-on-the-right is-stacked-on-mobile\" style=\"grid-template-columns:auto 18%\"><div class=\"wp-block-media-text__content\">\n<h3 class=\"wp-block-heading\">Hasonl\u00f3s\u00e1gi vizsg\u00e1lat<\/h3>\n\n\n\n<p>A 2021-2022-es tan\u00e9vt\u0151l kezd\u0151d\u0151en a z\u00e1r\u00f3vizsg\u00e1n bemutatott dolgozatok \u00e1tesnek egy hasonl\u00f3s\u00e1gi vizsg\u00e1laton, amelyet a Turnitin platformon hajtunk v\u00e9gre. A vizsg\u00e1lat l\u00e9p\u00e9sei a k\u00f6vetkez\u0151ek:<\/p>\n\n\n\n<ul class=\"wp-block-list\">\n<li>A v\u00e9gz\u0151s hallgat\u00f3 elk\u00fcldi dolgozat\u00e1nak v\u00e9gs\u0151 v\u00e1ltozat\u00e1t a t\u00e9mavezet\u0151j\u00e9nek. <\/li>\n\n\n\n<li>A t\u00e9mavezet\u0151 a dolgozatot elk\u00fcldi a vizsgabizotts\u00e1g titk\u00e1r\u00e1nak (alapk\u00e9pz\u00e9s: Borb\u00e9ly S\u00e1ndor, mesterk\u00e9pz\u00e9s: Nagy Melinda Katalin).<\/li>\n\n\n\n<li>A titk\u00e1r lefuttatja a hasonl\u00f3s\u00e1gi tesztet a Turnitin platformon, majd a gener\u00e1lt hasonl\u00f3s\u00e1gi jelent\u00e9st elk\u00fcldi a t\u00e9mavezet\u0151nek.<\/li>\n\n\n\n<li>Amennyiben a t\u00e9mavezet\u0151 el\u00e9gedett a hasonl\u00f3s\u00e1gi teszt eredm\u00e9ny\u00e9vel, elk\u00e9sz\u00edti a beleegyez\u00e9si nyilatkozat\u00e1t (kari m\u00f3dszertan, 5. mell\u00e9klet).<\/li>\n\n\n\n<li>Amennyiben a t\u00e9mavezet\u0151 nem el\u00e9gedett a hasonl\u00f3s\u00e1gi teszt eredm\u00e9ny\u00e9vel, akkor a hallgat\u00f3 m\u00f3dos\u00edthat a dolgozaton \u00e9s a fenti l\u00e9p\u00e9seket megism\u00e9tlik a jav\u00edtott dolgozattal, a lead\u00e1si hat\u00e1rid\u0151 el\u0151tt.<\/li>\n<\/ul>\n<\/div><figure class=\"wp-block-media-text__media\"><img loading=\"lazy\" decoding=\"async\" width=\"1024\" height=\"992\" src=\"https:\/\/atom.ubbcluj.ro\/fizika\/wp-content\/uploads\/2022\/05\/check-1024x992.png\" alt=\"\" class=\"wp-image-1586 size-full\" srcset=\"https:\/\/atom.ubbcluj.ro\/fizika\/wp-content\/uploads\/2022\/05\/check-1024x992.png 1024w, https:\/\/atom.ubbcluj.ro\/fizika\/wp-content\/uploads\/2022\/05\/check-300x291.png 300w, https:\/\/atom.ubbcluj.ro\/fizika\/wp-content\/uploads\/2022\/05\/check-768x744.png 768w, https:\/\/atom.ubbcluj.ro\/fizika\/wp-content\/uploads\/2022\/05\/check.png 1054w\" sizes=\"auto, (max-width: 1024px) 100vw, 1024px\" \/><\/figure><\/div>\n\n\n\n<hr class=\"wp-block-separator has-css-opacity\"\/>\n\n\n\n<div class=\"wp-block-media-text alignwide is-stacked-on-mobile\" style=\"grid-template-columns:15% auto\"><figure class=\"wp-block-media-text__media\"><img loading=\"lazy\" decoding=\"async\" width=\"626\" height=\"626\" src=\"https:\/\/atom.ubbcluj.ro\/fizika\/wp-content\/uploads\/2022\/05\/info.png\" alt=\"\" class=\"wp-image-1588 size-full\" srcset=\"https:\/\/atom.ubbcluj.ro\/fizika\/wp-content\/uploads\/2022\/05\/info.png 626w, https:\/\/atom.ubbcluj.ro\/fizika\/wp-content\/uploads\/2022\/05\/info-300x300.png 300w, https:\/\/atom.ubbcluj.ro\/fizika\/wp-content\/uploads\/2022\/05\/info-150x150.png 150w, https:\/\/atom.ubbcluj.ro\/fizika\/wp-content\/uploads\/2022\/05\/info-100x100.png 100w\" sizes=\"auto, (max-width: 626px) 100vw, 626px\" \/><\/figure><div class=\"wp-block-media-text__content\">\n<h3 class=\"wp-block-heading\">Tov\u00e1bbi hasznos inform\u00e1ci\u00f3k<\/h3>\n\n\n\n<ul class=\"wp-block-list\">\n<li>Beiratkoz\u00e1shoz sz\u00fcks\u00e9ges dokumentumok: <a href=\"http:\/\/phys.ubbcluj.ro\/licenta\/nlic_doc.htm\">alapk\u00e9pz\u00e9s<\/a>, <a href=\"http:\/\/phys.ubbcluj.ro\/licenta\/ndisertat_doc.htm\">mesterk\u00e9pz\u00e9s<\/a>  <\/li>\n\n\n\n<li>Z\u00e1r\u00f3vizsg\u00e1k menete: <a href=\"http:\/\/phys.ubbcluj.ro\/exlicenta.htm\">l\u00e1sd a kar rom\u00e1n nyelv\u0171 honlapj\u00e1n<\/a><\/li>\n<\/ul>\n<\/div><\/div>\n\n\n\n<p><\/p>\n","protected":false},"excerpt":{"rendered":"","protected":false},"author":2,"featured_media":0,"parent":0,"menu_order":0,"comment_status":"closed","ping_status":"closed","template":"","meta":{"wpupg_custom_link":[],"wpupg_custom_link_behaviour":[],"wpupg_custom_link_nofollow":[],"wpupg_custom_image":[],"wpupg_custom_image_id":[],"footnotes":""},"class_list":["post-1559","page","type-page","status-publish","hentry"],"featured_image_src":null,"_links":{"self":[{"href":"https:\/\/atom.ubbcluj.ro\/fizika\/wp-json\/wp\/v2\/pages\/1559","targetHints":{"allow":["GET"]}}],"collection":[{"href":"https:\/\/atom.ubbcluj.ro\/fizika\/wp-json\/wp\/v2\/pages"}],"about":[{"href":"https:\/\/atom.ubbcluj.ro\/fizika\/wp-json\/wp\/v2\/types\/page"}],"author":[{"embeddable":true,"href":"https:\/\/atom.ubbcluj.ro\/fizika\/wp-json\/wp\/v2\/users\/2"}],"replies":[{"embeddable":true,"href":"https:\/\/atom.ubbcluj.ro\/fizika\/wp-json\/wp\/v2\/comments?post=1559"}],"version-history":[{"count":26,"href":"https:\/\/atom.ubbcluj.ro\/fizika\/wp-json\/wp\/v2\/pages\/1559\/revisions"}],"predecessor-version":[{"id":2844,"href":"https:\/\/atom.ubbcluj.ro\/fizika\/wp-json\/wp\/v2\/pages\/1559\/revisions\/2844"}],"wp:attachment":[{"href":"https:\/\/atom.ubbcluj.ro\/fizika\/wp-json\/wp\/v2\/media?parent=1559"}],"curies":[{"name":"wp","href":"https:\/\/api.w.org\/{rel}","templated":true}]}}