{"id":1706,"date":"2022-07-11T10:41:27","date_gmt":"2022-07-11T07:41:27","guid":{"rendered":"https:\/\/atom.ubbcluj.ro\/fizika\/?page_id=1706"},"modified":"2023-07-07T15:53:00","modified_gmt":"2023-07-07T12:53:00","slug":"beiratkozasi-urlap","status":"publish","type":"page","link":"https:\/\/atom.ubbcluj.ro\/fizika\/beiratkozasi-urlap\/","title":{"rendered":"Beiratkoz\u00e1si \u0171rlap"},"content":{"rendered":"\n<div class=\"wp-block-buttons is-layout-flex wp-block-buttons-is-layout-flex\">\n<div class=\"wp-block-button\"><a class=\"wp-block-button__link wp-element-button\" href=\"https:\/\/phys.ubbcluj.ro\/admitere\/2023\/Anexa2_form_lic_2023.docx\" target=\"_blank\" rel=\"noreferrer noopener\"><i class=\"fas fa-file-word\"><\/i> Beiratkoz\u00e1si \u0171rlap let\u00f6lt\u00e9se<\/a><\/div>\n<\/div>\n","protected":false},"excerpt":{"rendered":"","protected":false},"author":3,"featured_media":0,"parent":0,"menu_order":0,"comment_status":"closed","ping_status":"closed","template":"","meta":{"wpupg_custom_link":[],"wpupg_custom_link_behaviour":[],"wpupg_custom_link_nofollow":[],"wpupg_custom_image":[],"wpupg_custom_image_id":[],"footnotes":""},"class_list":["post-1706","page","type-page","status-publish","hentry"],"featured_image_src":null,"_links":{"self":[{"href":"https:\/\/atom.ubbcluj.ro\/fizika\/wp-json\/wp\/v2\/pages\/1706","targetHints":{"allow":["GET"]}}],"collection":[{"href":"https:\/\/atom.ubbcluj.ro\/fizika\/wp-json\/wp\/v2\/pages"}],"about":[{"href":"https:\/\/atom.ubbcluj.ro\/fizika\/wp-json\/wp\/v2\/types\/page"}],"author":[{"embeddable":true,"href":"https:\/\/atom.ubbcluj.ro\/fizika\/wp-json\/wp\/v2\/users\/3"}],"replies":[{"embeddable":true,"href":"https:\/\/atom.ubbcluj.ro\/fizika\/wp-json\/wp\/v2\/comments?post=1706"}],"version-history":[{"count":9,"href":"https:\/\/atom.ubbcluj.ro\/fizika\/wp-json\/wp\/v2\/pages\/1706\/revisions"}],"predecessor-version":[{"id":2189,"href":"https:\/\/atom.ubbcluj.ro\/fizika\/wp-json\/wp\/v2\/pages\/1706\/revisions\/2189"}],"wp:attachment":[{"href":"https:\/\/atom.ubbcluj.ro\/fizika\/wp-json\/wp\/v2\/media?parent=1706"}],"curies":[{"name":"wp","href":"https:\/\/api.w.org\/{rel}","templated":true}]}}