{"id":2989,"date":"2025-12-04T15:46:06","date_gmt":"2025-12-04T12:46:06","guid":{"rendered":"https:\/\/atom.ubbcluj.ro\/fizika\/?page_id=2989"},"modified":"2026-01-20T09:41:44","modified_gmt":"2026-01-20T06:41:44","slug":"qa-fizica-lm","status":"publish","type":"page","link":"https:\/\/atom.ubbcluj.ro\/fizika\/qa-fizica-lm\/","title":{"rendered":"QA &#8211; Fizic\u0103 lm."},"content":{"rendered":"\n<h3 class=\"wp-block-heading\">Documente de avizare<\/h3>\n\n\n\n<ul class=\"wp-block-list\">\n<li><a href=\"https:\/\/atom.ubbcluj.ro\/fizika\/wp-content\/uploads\/2025\/03\/Actualizare-RNCIS.pdf\" data-type=\"attachment\" data-id=\"2613\" target=\"_blank\" rel=\"noreferrer noopener\">Actualizare RNCIS<\/a><\/li>\n\n\n\n<li><a href=\"https:\/\/atom.ubbcluj.ro\/fizika\/wp-content\/uploads\/2025\/12\/Anexa_I3b__EI1960_Raport-Departament_UBB-Cluj-Napoca_28.10.2021.pdf\" target=\"_blank\" rel=\"noreferrer noopener\">Raport ARACIS 2021<\/a> (pag.10) \u0219i <a href=\"https:\/\/atom.ubbcluj.ro\/fizika\/wp-content\/uploads\/2026\/01\/F-FT_28.10.2021_Hotarari-ARACIS.pdf\" data-type=\"link\" data-id=\"https:\/\/atom.ubbcluj.ro\/fizika\/wp-content\/uploads\/2026\/01\/F-FT_28.10.2021_Hotarari-ARACIS.pdf\">Hotarari ARACIS 2021<\/a><\/li>\n\n\n\n<li><a href=\"https:\/\/atom.ubbcluj.ro\/fizika\/wp-content\/uploads\/2025\/12\/Anexa_B212a__SD_FIZICA_TEHNOLOGICA_maghiara.pdf\" data-type=\"attachment\" data-id=\"2710\" target=\"_blank\" rel=\"noreferrer noopener\">Supliment de diplom\u0103<\/a><\/li>\n<\/ul>\n\n\n\n<hr class=\"wp-block-separator has-alpha-channel-opacity\" \/>\n\n\n\n<h3 class=\"wp-block-heading\" id=\"planuri-invatamant\">Planuri de \u00eenv\u0103\u021b\u0103m\u00e2nt<\/h3>\n\n\n\n<ul class=\"wp-block-list\">\n<li><a href=\"https:\/\/atom.ubbcluj.ro\/fizika\/wp-content\/uploads\/2025\/12\/Anexa_B111a__plan_inv_F_lm-2022-2023.pdf\" data-type=\"attachment\" data-id=\"2609\" target=\"_blank\" rel=\"noreferrer noopener\">Fizic\u0103 \u00een limba maghiar\u0103 2022-2025<\/a><\/li>\n\n\n\n<li><a href=\"https:\/\/atom.ubbcluj.ro\/fizika\/wp-content\/uploads\/2025\/03\/Plan-inv-FI-hu-2023.pdf\" data-type=\"attachment\" data-id=\"2618\"><\/a><a href=\"https:\/\/atom.ubbcluj.ro\/fizika\/wp-content\/uploads\/2025\/12\/Anexa_B111a__plan_inv_F_lm-2023-2024.pdf\" target=\"_blank\" rel=\"noreferrer noopener\">Fizic\u0103 \u00een limba maghiar\u0103 2023-2026<\/a><\/li>\n\n\n\n<li><a href=\"https:\/\/atom.ubbcluj.ro\/fizika\/wp-content\/uploads\/2025\/03\/Plan-inv-FI-hu-2024.pdf\" data-type=\"attachment\" data-id=\"2619\"><\/a><a href=\"https:\/\/atom.ubbcluj.ro\/fizika\/wp-content\/uploads\/2025\/12\/Anexa_B111a__plan_inv_F_lm-2024-2025.pdf\" target=\"_blank\" rel=\"noreferrer noopener\">Fizic\u0103 \u00een limba maghiar\u0103 2024-2027<\/a><\/li>\n\n\n\n<li><a href=\"https:\/\/atom.ubbcluj.ro\/fizika\/wp-content\/uploads\/2025\/03\/Plan-inv-FI-hu-2024.pdf\" data-type=\"attachment\" data-id=\"2619\"><\/a><a href=\"https:\/\/atom.ubbcluj.ro\/fizika\/wp-content\/uploads\/2025\/12\/Anexa_B111a__plan_inv_F_lm-2025-2026.pdf\" target=\"_blank\" rel=\"noreferrer noopener\">Fizic\u0103 \u00een limba maghiar\u0103 2025-2028<\/a><\/li>\n\n\n\n<li><a href=\"https:\/\/atom.ubbcluj.ro\/fizika\/wp-content\/uploads\/2025\/12\/raport_revizuire_Flm.pdf\" data-type=\"attachment\" data-id=\"2707\">Rapoarte de revizuire planuri \u00eenv\u0103\u021b\u0103m\u00e2nt<\/a><\/li>\n<\/ul>\n\n\n\n<hr class=\"wp-block-separator has-alpha-channel-opacity\" \/>\n\n\n\n<h3 class=\"wp-block-heading\">Activitate didactic\u0103<\/h3>\n\n\n\n<ul class=\"wp-block-list\">\n<li><a href=\"https:\/\/atom.ubbcluj.ro\/fizika\/wp-content\/uploads\/2025\/12\/F_lm_orar_sem1_25-26.pdf\" data-type=\"attachment\" data-id=\"2615\" target=\"_blank\" rel=\"noreferrer noopener\">Orar semestrul 1<\/a><\/li>\n\n\n\n<li><a href=\"https:\/\/atom.ubbcluj.ro\/fizika\/wp-content\/uploads\/2025\/12\/F_lm_orar_sem2_24-25.pdf\" data-type=\"attachment\" data-id=\"2616\" target=\"_blank\" rel=\"noreferrer noopener\">Orar semestrul 2<\/a><\/li>\n\n\n\n<li><a href=\"https:\/\/atom.ubbcluj.ro\/fizika\/wp-content\/uploads\/2025\/03\/Lista-cursuri-FI.pdf\" data-type=\"attachment\" data-id=\"2638\">Lista cursuri<\/a><\/li>\n\n\n\n<li><a href=\"https:\/\/atom.ubbcluj.ro\/fizika\/wp-content\/uploads\/2025\/12\/Anexa_B512c__promovabilitate_studenti_FLM_.pdf\" data-type=\"attachment\" data-id=\"2680\" target=\"_blank\" rel=\"noreferrer noopener\">Statistici privind promovabilitatea<\/a><\/li>\n\n\n\n<li><a href=\"https:\/\/atom.ubbcluj.ro\/fizika\/wp-content\/uploads\/2025\/12\/Anexa_B512b__nr_studenti_FLM.pdf\" data-type=\"attachment\" data-id=\"2679\" target=\"_blank\" rel=\"noreferrer noopener\">Statistici privind num\u0103rul studen\u021bi<\/a><\/li>\n\n\n\n<li><a href=\"https:\/\/atom.ubbcluj.ro\/fizika\/wp-content\/uploads\/2025\/12\/Anexa_B512c__continuare_studii_FLM_.pdf\" data-type=\"attachment\" data-id=\"2678\" target=\"_blank\" rel=\"noreferrer noopener\">Statistici privind continuarea studiilor<\/a><\/li>\n\n\n\n<li><a href=\"https:\/\/atom.ubbcluj.ro\/fizika\/wp-content\/uploads\/2025\/12\/nr.studenti_inmatriculati-Flm.pdf\" target=\"_blank\" rel=\"noreferrer noopener\">Num\u0103r studen\u021bi \u00eenmatricula\u021bi \u0219i capacitate de \u0219colarizare<\/a><\/li>\n<\/ul>\n\n\n\n<h3 class=\"wp-block-heading\">Alte activit\u0103\u021bi<\/h3>\n\n\n\n<ul class=\"wp-block-list\">\n<li><a href=\"https:\/\/atom.ubbcluj.ro\/fizika\/wp-content\/uploads\/2025\/03\/Actiuni-promovare.pdf\" data-type=\"attachment\" data-id=\"2640\">Ac\u021biuni promovare<\/a><\/li>\n\n\n\n<li><a href=\"https:\/\/atom.ubbcluj.ro\/fizika\/wp-content\/uploads\/2025\/04\/DFLM-Makovecz.pdf\" data-type=\"attachment\" data-id=\"2712\">Mobilit\u0103\u021bi Makovecz<\/a><\/li>\n\n\n\n<li><a href=\"https:\/\/atom.ubbcluj.ro\/fizika\/wp-content\/uploads\/2025\/04\/CerculdeFizica2025.pdf\" data-type=\"attachment\" data-id=\"2714\">Cercul de Fizic\u0103 DFLM-FUMC\/KMEI<\/a><\/li>\n\n\n\n<li><a href=\"https:\/\/atom.ubbcluj.ro\/fizika\/wp-content\/uploads\/2025\/03\/premii-ETDK.pdf\" data-type=\"attachment\" data-id=\"2663\">Premii la conferin\u021be studen\u021be\u0219ti<\/a><\/li>\n\n\n\n<li><a href=\"https:\/\/atom.ubbcluj.ro\/fizika\/wp-content\/uploads\/2025\/04\/DFLM-Directii-Cercetare.pdf\" data-type=\"attachment\" data-id=\"2717\">Direc\u021bii de cercetare \u00een cadrul DFLM<\/a><\/li>\n<\/ul>\n\n\n\n<hr class=\"wp-block-separator has-alpha-channel-opacity\" \/>\n\n\n\n<h3 class=\"wp-block-heading\" id=\"fise-disciplina\">Fi\u0219e de disciplin\u0103<\/h3>\n\n\n\n<div class=\"wp-block-columns is-layout-flex wp-container-core-columns-is-layout-9d6595d7 wp-block-columns-is-layout-flex\">\n<div class=\"wp-block-column is-layout-flow wp-block-column-is-layout-flow\">\n<h5 class=\"wp-block-heading\">An 1 &#8211; Semestrul 1<\/h5>\n\n\n\n<ul class=\"wp-block-list\">\n<li><a href=\"https:\/\/atom.ubbcluj.ro\/fizika\/wp-content\/uploads\/2025\/04\/MLM1101-Algebra.pdf\" data-type=\"attachment\" data-id=\"2758\">MLM1101 Algebra<\/a><\/li>\n\n\n\n<li><a href=\"https:\/\/atom.ubbcluj.ro\/fizika\/wp-content\/uploads\/2025\/04\/MLM1102-Matematikai-analizis.pdf\" data-type=\"attachment\" data-id=\"2759\">MLM1102 Matematikai anal\u00edzis<\/a><\/li>\n\n\n\n<li><a href=\"https:\/\/atom.ubbcluj.ro\/fizika\/wp-content\/uploads\/2025\/12\/2025-F\u20131-FLM1104-Mechanika_I.pdf\" target=\"_blank\" rel=\"noreferrer noopener\">FLM1104 Mechanika I<\/a>, <a href=\"https:\/\/atom.ubbcluj.ro\/fizika\/wp-content\/uploads\/2026\/01\/FLM1104_F_Mecanica_I_2025_RO.pdf\">FLM1104 Mecanic\u0103 I<\/a><\/li>\n\n\n\n<li>CLM1104 \u00c1ltal\u00e1nos k\u00e9mia<\/li>\n\n\n\n<li><a href=\"https:\/\/atom.ubbcluj.ro\/fizika\/wp-content\/uploads\/2025\/12\/2025-F\u20131-FLM1206-Fizika_es_megismeres.pdf\" target=\"_blank\" rel=\"noreferrer noopener\">FLX1105 \/ FLM1206 Fizika \u00e9s megismer\u00e9s<\/a>, FLX1105 \/ FLM1206 Fizica \u0219i progresul cunoa\u0219terii<\/li>\n\n\n\n<li><a href=\"https:\/\/atom.ubbcluj.ro\/fizika\/wp-content\/uploads\/2025\/12\/2025-F\u20131-FLM5108-Bevezetes_a_programozasba.pdf\" target=\"_blank\" rel=\"noreferrer noopener\">FLX1106 \/ FLM5108 Bevezet\u00e9s a programoz\u00e1sba \u00e9s sz\u00e1m\u00edt\u00f3g\u00e9pes grafika<\/a><\/li>\n<\/ul>\n<\/div>\n\n\n\n<div class=\"wp-block-column is-layout-flow wp-block-column-is-layout-flow\">\n<h5 class=\"wp-block-heading\">An 1 &#8211; Semestrul 2<\/h5>\n\n\n\n<ul class=\"wp-block-list\">\n<li><a href=\"https:\/\/atom.ubbcluj.ro\/fizika\/wp-content\/uploads\/2025\/12\/2025-F\u20131-FLM1201-Termodinamika_es_hotan.pdf\" target=\"_blank\" rel=\"noreferrer noopener\">FLM1201 Termodinamika \u00e9s h\u0151tan<\/a>, <a href=\"https:\/\/atom.ubbcluj.ro\/fizika\/wp-content\/uploads\/2026\/01\/FLM1201_F_Termodinamica_si_caldura.pdf\">FLM1201 Termodinamic\u0103 \u0219i c\u0103ldur\u0103<\/a><\/li>\n\n\n\n<li>FLM1207 Az elm\u00e9leti fizika differenci\u00e1legyenletei<\/li>\n\n\n\n<li><a href=\"https:\/\/atom.ubbcluj.ro\/fizika\/wp-content\/uploads\/2025\/12\/2025-F\u20131-FLM1205-Elektromossagtan_es_magne.pdf\" target=\"_blank\" rel=\"noreferrer noopener\">FLM1205 Elektromoss\u00e1gtan \u00e9s m\u00e1gness\u00e9gtan I<\/a>, <a href=\"https:\/\/atom.ubbcluj.ro\/fizika\/wp-content\/uploads\/2026\/01\/FLM1205_Fisa_disciplinei_EM1Fm_2025_RO.pdf\">FLM1205 Electricitate \u0219i magnetism I<\/a><\/li>\n\n\n\n<li><a href=\"https:\/\/atom.ubbcluj.ro\/syllabus\/pdf\/2024-FI%E2%80%931-FLM1209-Mechanika_II._Rezgesek_es.pdf\" target=\"_blank\" rel=\"noreferrer noopener\">FLM1209 Mechanika II. Rezg\u00e9sek \u00e9s hull\u00e1mok<\/a>, <a href=\"https:\/\/atom.ubbcluj.ro\/fizika\/wp-content\/uploads\/2026\/01\/FLM1209_F_Mecanica_II_2025_RO.pdf\">FLM1209 Mecanic\u0103 II. Oscila\u021bii \u0219i unde<\/a><\/li>\n\n\n\n<li><a href=\"https:\/\/atom.ubbcluj.ro\/fizika\/wp-content\/uploads\/2025\/12\/2025-F\u20131-FLM1208-Fizikaban_alkalmazott_inf.pdf\" target=\"_blank\" rel=\"noreferrer noopener\">FLM1208 Fizik\u00e1ban alkalmazott informatika<\/a>, FLM1208 Informatic\u0103 aplicat\u0103 \u00een fizic\u0103<\/li>\n<\/ul>\n<\/div>\n<\/div>\n\n\n\n<div class=\"wp-block-columns is-layout-flex wp-container-core-columns-is-layout-9d6595d7 wp-block-columns-is-layout-flex\">\n<div class=\"wp-block-column is-layout-flow wp-block-column-is-layout-flow\">\n<h5 class=\"wp-block-heading\">An 2 &#8211; Semestrul 3<\/h5>\n\n\n\n<ul class=\"wp-block-list\">\n<li><a href=\"https:\/\/atom.ubbcluj.ro\/fizika\/wp-content\/uploads\/2025\/12\/2025-F\u20132-FLM1308-Optika_I.pdf\" target=\"_blank\" rel=\"noreferrer noopener\">FLM1308 Optika I<\/a>, <a href=\"https:\/\/atom.ubbcluj.ro\/fizika\/wp-content\/uploads\/2026\/01\/FLM1308_Optica_I_Flm.pdf\">FLM1308 Optic\u0103 I<\/a><\/li>\n\n\n\n<li><a href=\"https:\/\/atom.ubbcluj.ro\/fizika\/wp-content\/uploads\/2025\/12\/2025-F\u20132-FLM1309-Elektronika_I.pdf\" target=\"_blank\" rel=\"noreferrer noopener\">FLM1309 Elektronika I<\/a>, <a href=\"https:\/\/atom.ubbcluj.ro\/fizika\/wp-content\/uploads\/2026\/01\/FLM1309_Fisa_disciplinei_EL1Fm_2025_RO.pdf\">FLM1309 Electronic\u0103 I<\/a><\/li>\n\n\n\n<li>FLM1303 Az elm\u00e9leti fizika alapjai<\/li>\n\n\n\n<li><a href=\"https:\/\/atom.ubbcluj.ro\/fizika\/wp-content\/uploads\/2025\/12\/2025-F\u20132-FLM1311-Elektrodinamika_es_relati.pdf\" target=\"_blank\" rel=\"noreferrer noopener\">FLM1311 Elektrodinamika \u00e9s relativit\u00e1selm\u00e9let<\/a><\/li>\n\n\n\n<li><a href=\"https:\/\/atom.ubbcluj.ro\/fizika\/wp-content\/uploads\/2025\/12\/2025-F\u20132-FLM1310-Elektromossagtan_es_magne.pdf\" target=\"_blank\" rel=\"noreferrer noopener\">FLM1310 Elektromoss\u00e1gtan \u00e9s m\u00e1gness\u00e9gtan II<\/a>, <a href=\"https:\/\/atom.ubbcluj.ro\/fizika\/wp-content\/uploads\/2026\/01\/FLM1310_Fisa_disciplinei_EM2Fm_2025_RO.pdf\">FLM1310 Electricitate \u0219i magnetism II<\/a><\/li>\n\n\n\n<li><a href=\"https:\/\/atom.ubbcluj.ro\/fizika\/wp-content\/uploads\/2025\/12\/2025-F\u20132-FLM2501-Numerikus_modszerek_es_sz.pdf\">FLM2501Numerikus m\u00f3dszerek \u00e9s szimul\u00e1ci\u00f3k a fizik\u00e1ban<\/a>, FLM2501 Metode numerice \u0219i de simulare \u00een fizic\u0103<\/li>\n<\/ul>\n<\/div>\n\n\n\n<div class=\"wp-block-column is-layout-flow wp-block-column-is-layout-flow\">\n<h5 class=\"wp-block-heading\">An 2 &#8211; Semestrul 4<\/h5>\n\n\n\n<ul class=\"wp-block-list\">\n<li><a href=\"https:\/\/atom.ubbcluj.ro\/fizika\/wp-content\/uploads\/2025\/12\/2025-F\u20132-FLM1407-Atomfizika.pdf\" target=\"_blank\" rel=\"noreferrer noopener\">FLM1407 Atomfizika<\/a>, FLM1407 FIzica atomului<\/li>\n\n\n\n<li><a href=\"\/\/atom.ubbcluj.ro\/fizika\/wp-content\/uploads\/2025\/12\/2025-F\u20132-FLM1404-Optika_II.pdf\" target=\"_blank\" rel=\"noreferrer noopener\">FLM1404 Optika II<\/a>, <a href=\"https:\/\/atom.ubbcluj.ro\/fizika\/wp-content\/uploads\/2026\/01\/FLM1404_Optica_II_Flm.pdf\">FLM1404 Optic\u0103 II<\/a><\/li>\n\n\n\n<li><a href=\"https:\/\/atom.ubbcluj.ro\/fizika\/wp-content\/uploads\/2025\/12\/2025-F\u20132-FLM1406-Elektronika_II.pdf\" target=\"_blank\" rel=\"noreferrer noopener\">FLM1406 Elektronika II<\/a>, <a href=\"https:\/\/atom.ubbcluj.ro\/fizika\/wp-content\/uploads\/2026\/01\/FLM1406_Fisa_disciplinei_EL2Fm_2025_RO.pdf\">FLM1406 Electronic\u0103 II<\/a><\/li>\n\n\n\n<li><a href=\"https:\/\/atom.ubbcluj.ro\/fizika\/wp-content\/uploads\/2025\/12\/2025-F\u20132-FLM1409-Kvantummechanika_I.pdf\" target=\"_blank\" rel=\"noreferrer noopener\">FLM1409 Kvantummechanika I<\/a><\/li>\n\n\n\n<li>FLM1408 Magfizika, <a href=\"https:\/\/atom.ubbcluj.ro\/fizika\/wp-content\/uploads\/2026\/01\/FLM1408_Fizica-nucleara-F3.pdf\">FLM1408 Fizic\u0103 nuclear\u0103<\/a><\/li>\n\n\n\n<li><a href=\"https:\/\/atom.ubbcluj.ro\/fizika\/wp-content\/uploads\/2025\/12\/2025-F\u20132-FLM1412-Szakmai_gyakorlat_I.pdf\" target=\"_blank\" rel=\"noreferrer noopener\">FLM1412 Szakmai gyakorlat I<\/a>, <a href=\"https:\/\/atom.ubbcluj.ro\/fizika\/wp-content\/uploads\/2026\/01\/FLM1412_Practica-de-spec-I-F2.pdf\">FLM1412 Practic\u0103 specialitate I<\/a><\/li>\n\n\n\n<li><a href=\"https:\/\/atom.ubbcluj.ro\/fizika\/wp-content\/uploads\/2025\/12\/2025-F\u20132-FLM1505-Fluidumok_fizikaja.pdf\" target=\"_blank\" rel=\"noreferrer noopener\">FLX1406 \/ FLM1505 Fluidumok fizik\u00e1ja<\/a>, <a href=\"https:\/\/atom.ubbcluj.ro\/fizika\/wp-content\/uploads\/2026\/01\/FLM1505_Fizica-fluidelor-F2.pdf\">FLX1406\/FLM1505 Fizica fluidelor<\/a><\/li>\n\n\n\n<li><a href=\"https:\/\/atom.ubbcluj.ro\/fizika\/wp-content\/uploads\/2025\/12\/2025-F\u20132-FLM2410-Mikrovezerlok_alkalmazasa.pdf\" target=\"_blank\" rel=\"noreferrer noopener\">FLX1406 \/ FLM2410 Mikrovez\u00e9rl\u0151k alkalmaz\u00e1sai a fizik\u00e1ban 1<\/a>, <a href=\"https:\/\/atom.ubbcluj.ro\/fizika\/wp-content\/uploads\/2026\/01\/2025-F\u20132-FLM2410-Utilizarea_microcontrolerelor_RO.pdf\">FLX1406 \/ FLM2410 Utilizarea microcontrolerelor \u00een fizica experimental\u0103 1<\/a><\/li>\n<\/ul>\n<\/div>\n<\/div>\n\n\n\n<div class=\"wp-block-columns is-layout-flex wp-container-core-columns-is-layout-9d6595d7 wp-block-columns-is-layout-flex\">\n<div class=\"wp-block-column is-layout-flow wp-block-column-is-layout-flow\">\n<h5 class=\"wp-block-heading\">An 3 &#8211; Semestrul 5<\/h5>\n\n\n\n<ul class=\"wp-block-list\">\n<li><a href=\"https:\/\/atom.ubbcluj.ro\/fizika\/wp-content\/uploads\/2025\/12\/2025-F\u20133-FLM1501-Statisztikus_fizika.pdf\" target=\"_blank\" rel=\"noreferrer noopener\">FLM1501 Statisztikus fizika<\/a><\/li>\n\n\n\n<li><a href=\"https:\/\/atom.ubbcluj.ro\/syllabus\/pdf\/2024-FI%E2%80%933-FLM1411-Kvantummechanika_II.pdf\" target=\"_blank\" rel=\"noreferrer noopener\">FLM1411 <\/a><a href=\"https:\/\/atom.ubbcluj.ro\/fizika\/wp-content\/uploads\/2025\/12\/2025-F\u20133-FLM1411-Kvantummechanika_II.pdf\" target=\"_blank\" rel=\"noreferrer noopener\">Kvantummechanika <\/a><a href=\"https:\/\/atom.ubbcluj.ro\/syllabus\/pdf\/2024-FI%E2%80%933-FLM1411-Kvantummechanika_II.pdf\" target=\"_blank\" rel=\"noreferrer noopener\">II<\/a><\/li>\n\n\n\n<li><a href=\"https:\/\/atom.ubbcluj.ro\/fizika\/wp-content\/uploads\/2025\/12\/2025-F\u20133-FLM1507-Molekulafizika.pdf\" target=\"_blank\" rel=\"noreferrer noopener\">FLM1507 Molekulafizika<\/a><\/li>\n\n\n\n<li><a href=\"https:\/\/atom.ubbcluj.ro\/fizika\/wp-content\/uploads\/2025\/12\/2025-F\u20133-FLM1508-Szilardtestfizika.pdf\" target=\"_blank\" rel=\"noreferrer noopener\">FLM1508 Szil\u00e1rdtestfizika<\/a>, <a href=\"https:\/\/atom.ubbcluj.ro\/fizika\/wp-content\/uploads\/2026\/01\/FLM1508_Fizica-solidului.pdf\">FLM1508 Fizica solidului<\/a>.<\/li>\n\n\n\n<li><a href=\"https:\/\/atom.ubbcluj.ro\/syllabus\/pdf\/2024-FI%E2%80%933-FLM1610-Dinamikus_rendszerek_es_i.pdf\" target=\"_blank\" rel=\"noreferrer noopener\">F<\/a><a href=\"https:\/\/atom.ubbcluj.ro\/fizika\/wp-content\/uploads\/2025\/12\/2025-F\u20133-FLM1610-Dinamikus_rendszerek_es_i.pdf\" target=\"_blank\" rel=\"noreferrer noopener\">LX1505 \/ FLM1610 Dinamikus rendszerek \u00e9s interdiszciplin\u00e1ris alkalmaz\u00e1so<\/a><a href=\"https:\/\/atom.ubbcluj.ro\/syllabus\/pdf\/2024-FI%E2%80%933-FLM1610-Dinamikus_rendszerek_es_i.pdf\" target=\"_blank\" rel=\"noreferrer noopener\">k<\/a>, FLX1505 \/ FLM1610 Sisteme dinamice \u0219i aplica\u021bii interdisciplinare<\/li>\n\n\n\n<li><a href=\"https:\/\/atom.ubbcluj.ro\/fizika\/wp-content\/uploads\/2025\/12\/2025-F\u20133-FLM5807-Mikrovezerlok_alkalmazasa.pdf\">FLX1505 \/ FLM5807 Mikrovez\u00e9rl\u0151k alkalmaz\u00e1sai a fizik\u00e1ban 2<\/a>, <a href=\"https:\/\/atom.ubbcluj.ro\/fizika\/wp-content\/uploads\/2026\/01\/2025-F\u20133-FLM5807-Utilizarea_microcontrolerelor_2_RO.pdf\">FLX1505 \/ FLM5807 Utilizarea microcontrolerelor \u00een fizica experimental\u0103 2<\/a><\/li>\n\n\n\n<li><a href=\"https:\/\/atom.ubbcluj.ro\/fizika\/wp-content\/uploads\/2025\/12\/2025-F\u20133-FLM5511-Robofizika.pdf\" target=\"_blank\" rel=\"noreferrer noopener\">FLX1506 \/ FLM5511 Robofizika<\/a>, FLX1506 \/ FLM5511 Robofizic\u0103<\/li>\n\n\n\n<li><a href=\"https:\/\/atom.ubbcluj.ro\/fizika\/wp-content\/uploads\/2025\/12\/2025-F\u20133-FLM1503-Spektroszkopia_es_lezerek.pdf\" target=\"_blank\" rel=\"noreferrer noopener\">FLX1506 \/ FLM1503 Spektroszk\u00f3pia \u00e9s l\u00e9zerek<\/a>, <a href=\"https:\/\/atom.ubbcluj.ro\/fizika\/wp-content\/uploads\/2026\/01\/FLM1503_spectroscopie_si_laseri_Flm.pdf\">FLX1506 \/ FLM1503 Spectroscopie \u0219i laseri<\/a><\/li>\n\n\n\n<li><a href=\"https:\/\/atom.ubbcluj.ro\/fizika\/wp-content\/uploads\/2025\/12\/2025-F\u20133-FLM5809-Alacsanyhomersekletu_plaz-2.pdf\" target=\"_blank\" rel=\"noreferrer noopener\">FLX1603 \/ FLM5809 Alacsanyh\u0151m\u00e9rs\u00e9klet\u0171 plazmafizika \u00e9s alkalmaz\u00e1sai<\/a>, <a href=\"https:\/\/atom.ubbcluj.ro\/fizika\/wp-content\/uploads\/2026\/01\/FLM5809_Fisa_disciplinei_PLFm_2025_RO.pdf\">FLX1603 \/ FLM5809 Fizica plasmei de temperaturi joase<\/a><\/li>\n\n\n\n<li><a href=\"https:\/\/atom.ubbcluj.ro\/fizika\/wp-content\/uploads\/2025\/12\/2025-F\u20133-FLM5403-Elektrotechnika.pdf\" target=\"_blank\" rel=\"noreferrer noopener\">FLM5403 Elektrotechnika<\/a><\/li>\n<\/ul>\n<\/div>\n\n\n\n<div class=\"wp-block-column is-layout-flow wp-block-column-is-layout-flow\">\n<h5 class=\"wp-block-heading\">An 3 &#8211; Semestrul 6<\/h5>\n\n\n\n<ul class=\"wp-block-list\">\n<li><a href=\"https:\/\/atom.ubbcluj.ro\/fizika\/wp-content\/uploads\/2025\/12\/2025-F\u20133-FLM1609-Felvezetofizika.pdf\" target=\"_blank\" rel=\"noreferrer noopener\">FLM1609 F\u00e9lvezet\u0151fizika<\/a>, <a href=\"https:\/\/atom.ubbcluj.ro\/fizika\/wp-content\/uploads\/2026\/01\/FLM1609_Fizica_semiconductorilor_Flm.pdf\">FLM1609 Fizica semiconductorilor<\/a><\/li>\n\n\n\n<li>FLM1408 Magfizika, FLM1408 Fizic\u0103 nuclear\u0103<\/li>\n\n\n\n<li><a href=\"https:\/\/atom.ubbcluj.ro\/fizika\/wp-content\/uploads\/2025\/12\/2025-F\u20133-FLM1611-Szakmai_gyakorlat_II.pdf\" target=\"_blank\" rel=\"noreferrer noopener\">FLM1611 Szakmai gyakorlat II<\/a>, <a href=\"https:\/\/atom.ubbcluj.ro\/fizika\/wp-content\/uploads\/2026\/01\/FLM1611_Practica-de-spec-II-F3.pdf\">FLM1611 Practic\u0103 de specialitate II<\/a><\/li>\n\n\n\n<li><a href=\"https:\/\/atom.ubbcluj.ro\/fizika\/wp-content\/uploads\/2025\/12\/2025-F\u20133-FLM5803-Magneses_anayagok_fizikaj.pdf\" target=\"_blank\" rel=\"noreferrer noopener\">FLM5803 M\u00e1gneses anayagok fizik\u00e1ja<\/a><\/li>\n\n\n\n<li><a href=\"https:\/\/atom.ubbcluj.ro\/fizika\/wp-content\/uploads\/2025\/12\/2025-F\u20133-FLM5602-Muszerezes_es_merestechni-1.pdf\" target=\"_blank\" rel=\"noreferrer noopener\">FLX1602 \/ FLM5602 M\u0171szerez\u00e9s \u00e9s m\u00e9r\u00e9stechnika szenzorokka<\/a><a href=\"https:\/\/atom.ubbcluj.ro\/fizika\/wp-content\/uploads\/2025\/12\/2025-MF\u20133-FLM5602-Muszerezes_es_merestechni.pdf\" target=\"_blank\" rel=\"noreferrer noopener\">l<\/a><\/li>\n\n\n\n<li><a href=\"https:\/\/atom.ubbcluj.ro\/fizika\/wp-content\/uploads\/2025\/12\/2025-F\u20133-FLM5706-Optoelektronika.pdf\" target=\"_blank\" rel=\"noreferrer noopener\">FLX1605 \/ FLM5706 Optoelektronika<\/a>, <a href=\"https:\/\/atom.ubbcluj.ro\/fizika\/wp-content\/uploads\/2026\/01\/FLM5706_Fisa_disciplinei_OEFm_2025_RO.pdf\">FLX1605 \/ FLM5706 Optoelectronic\u0103<\/a><\/li>\n\n\n\n<li><a href=\"https:\/\/atom.ubbcluj.ro\/fizika\/wp-content\/uploads\/2025\/12\/2025-F\u20133-FLM1603-Elemi_reszecskek.pdf\" target=\"_blank\" rel=\"noreferrer noopener\">FLM1603 Elemi r\u00e9szecsk\u00e9k<\/a><\/li>\n<\/ul>\n<\/div>\n<\/div>\n\n\n\n<hr class=\"wp-block-separator has-alpha-channel-opacity\" \/>\n\n\n\n<h3 class=\"wp-block-heading\" id=\"cv-publist\">CV-uri \u0219i liste de publica\u021bii<\/h3>\n\n\n\n<ul class=\"wp-block-list\">\n<li>prof. dr. Nagy Ladislau | CV | Publica\u021bii<\/li>\n\n\n\n<li>prof. dr. N\u00e9da Zolt\u00e1n | <a href=\"https:\/\/atom.ubbcluj.ro\/fizika\/wp-content\/uploads\/2025\/04\/NedaZoltan.pdf\" data-type=\"attachment\" data-id=\"2774\">CV<\/a> | <a href=\"https:\/\/atom.ubbcluj.ro\/fizika\/wp-content\/uploads\/2025\/04\/Pub-NedaZoltan.pdf\" data-type=\"attachment\" data-id=\"2775\">Publica\u021bii<\/a><\/li>\n\n\n\n<li>conf. dr. J\u00e1rai-Szab\u00f3 Ferenc | <a href=\"https:\/\/atom.ubbcluj.ro\/fizika\/wp-content\/uploads\/2025\/03\/JaraiSzaboFerenc.pdf\" data-type=\"attachment\" data-id=\"2700\">CV<\/a> | <a href=\"https:\/\/atom.ubbcluj.ro\/fizika\/wp-content\/uploads\/2025\/03\/Pub-JaraiSzaboFerenc.pdf\" data-type=\"attachment\" data-id=\"2704\">Publica\u021bii<\/a><\/li>\n\n\n\n<li>conf. dr. Finta Zolt\u00e1n | <a href=\"https:\/\/atom.ubbcluj.ro\/fizika\/wp-content\/uploads\/2025\/04\/FintaZoltan.pdf\" data-type=\"attachment\" data-id=\"2769\">CV+Publica\u021bii<\/a><\/li>\n\n\n\n<li>conf. dr. Simon Alp\u00e1r | <a href=\"https:\/\/atom.ubbcluj.ro\/fizika\/wp-content\/uploads\/2025\/03\/SimonAlpar.pdf\" data-type=\"attachment\" data-id=\"2697\">CV<\/a> | <a href=\"https:\/\/atom.ubbcluj.ro\/fizika\/wp-content\/uploads\/2025\/03\/Pub-SimonAlpar.pdf\" data-type=\"attachment\" data-id=\"2692\">Publica\u021bii<\/a><\/li>\n\n\n\n<li>conf. dr. Tunyagi Arthur Robert | <a href=\"https:\/\/atom.ubbcluj.ro\/fizika\/wp-content\/uploads\/2026\/01\/CV-TunyagiArthur.pdf\">CV<\/a> | <a href=\"https:\/\/atom.ubbcluj.ro\/fizika\/wp-content\/uploads\/2026\/01\/Pub-TunyagiArthur.pdf\">Publica\u021bii<\/a><\/li>\n\n\n\n<li>lect. dr. Borb\u00e9ly S\u00e1ndor | CV | Publica\u021bii<\/li>\n\n\n\n<li>lect. dr. Gere Istv\u00e1n | <a href=\"https:\/\/atom.ubbcluj.ro\/fizika\/wp-content\/uploads\/2025\/03\/GereIstvan.pdf\" data-type=\"attachment\" data-id=\"2687\">CV<\/a> | <a href=\"https:\/\/atom.ubbcluj.ro\/fizika\/wp-content\/uploads\/2025\/03\/Pub-GereIstvan.pdf\" data-type=\"attachment\" data-id=\"2693\">Publica\u021bii<\/a><\/li>\n\n\n\n<li>lect. dr. L\u00e1z\u00e1r Zsolt Iosif | CV | Publica\u021bii<\/li>\n\n\n\n<li>lect. dr. Nagy Melinda Katalin | <a href=\"https:\/\/atom.ubbcluj.ro\/fizika\/wp-content\/uploads\/2025\/04\/NagyMelindaKatalin.pdf\" data-type=\"attachment\" data-id=\"2720\">CV<\/a> | <a href=\"https:\/\/atom.ubbcluj.ro\/fizika\/wp-content\/uploads\/2025\/04\/Pub-NagyMelindaKatalin.pdf\" data-type=\"attachment\" data-id=\"2721\">Publica\u021bii<\/a><\/li>\n\n\n\n<li>lect. dr. P\u0103tca\u0219 Csaba-Gy\u00f6rgy | <a href=\"https:\/\/atom.ubbcluj.ro\/fizika\/wp-content\/uploads\/2025\/04\/PatcasCsaba.pdf\" data-type=\"attachment\" data-id=\"2770\">CV + Publica\u021bii<\/a><\/li>\n\n\n\n<li>lect. dr. S\u00e1ndor Bulcs\u00fa | <a href=\"https:\/\/atom.ubbcluj.ro\/fizika\/wp-content\/uploads\/2025\/03\/SandorBulcsu.pdf\" data-type=\"attachment\" data-id=\"2684\">CV<\/a> | <a href=\"https:\/\/atom.ubbcluj.ro\/fizika\/wp-content\/uploads\/2025\/03\/Pub-SandorBulcsu.pdf\" data-type=\"attachment\" data-id=\"2696\">Publica\u021bii<\/a><\/li>\n\n\n\n<li>lect. dr. S\u00e1ndor R\u00e9ka | CV + Publica\u021bii<\/li>\n\n\n\n<li>lect. dr. S\u00e1rk\u00f6zi Susana | <a href=\"https:\/\/atom.ubbcluj.ro\/fizika\/wp-content\/uploads\/2025\/03\/SarkoziSusana.pdf\" data-type=\"attachment\" data-id=\"2686\">CV<\/a> | <a href=\"https:\/\/atom.ubbcluj.ro\/fizika\/wp-content\/uploads\/2025\/03\/Pub-SarkoziSusana.pdf\" data-type=\"attachment\" data-id=\"2694\">Publica\u021bii<\/a><\/li>\n\n\n\n<li>Lect. dr. \u0218uteu-Sz\u00f6ll\u0151si \u015etefan Lucian | <a href=\"https:\/\/atom.ubbcluj.ro\/fizika\/wp-content\/uploads\/2025\/04\/SuteuSzollosiStefan.pdf\" data-type=\"attachment\" data-id=\"2771\">CV + Publica\u021bii<\/a><\/li>\n\n\n\n<li>Lect. dr. Szil\u00e1gyi G\u00e9za Zsolt | <a href=\"https:\/\/atom.ubbcluj.ro\/fizika\/wp-content\/uploads\/2025\/04\/SzilagyiGezaZsolt.pdf\" data-type=\"attachment\" data-id=\"2778\">CV + Publica\u021bii<\/a><\/li>\n\n\n\n<li>lect. dr. Tyukodi Botond | <a href=\"https:\/\/atom.ubbcluj.ro\/fizika\/wp-content\/uploads\/2025\/03\/TyukodiBotond.pdf\" data-type=\"attachment\" data-id=\"2685\">CV<\/a> | <a href=\"https:\/\/atom.ubbcluj.ro\/fizika\/wp-content\/uploads\/2025\/03\/Pub-TyukodiBotond.pdf\" data-type=\"attachment\" data-id=\"2695\">Publica\u021bii<\/a><\/li>\n<\/ul>\n\n\n\n<p><\/p>\n","protected":false},"excerpt":{"rendered":"<p>Documente de avizare Planuri de \u00eenv\u0103\u021b\u0103m\u00e2nt Activitate didactic\u0103 Alte activit\u0103\u021bi Fi\u0219e de disciplin\u0103 An 1 &#8211; Semestrul 1 An 1 &#8211; Semestrul 2 An 2 &#8211; Semestrul 3 An 2 &#8211; Semestrul 4 An 3 &#8211; Semestrul 5 An 3 &#8211; Semestrul 6 CV-uri \u0219i liste de publica\u021bii<\/p>\n","protected":false},"author":6,"featured_media":0,"parent":0,"menu_order":0,"comment_status":"closed","ping_status":"closed","template":"","meta":{"wpupg_custom_link":[],"wpupg_custom_link_behaviour":[],"wpupg_custom_link_nofollow":[],"wpupg_custom_image":[],"wpupg_custom_image_id":[],"footnotes":""},"class_list":["post-2989","page","type-page","status-publish","hentry"],"featured_image_src":null,"_links":{"self":[{"href":"https:\/\/atom.ubbcluj.ro\/fizika\/wp-json\/wp\/v2\/pages\/2989","targetHints":{"allow":["GET"]}}],"collection":[{"href":"https:\/\/atom.ubbcluj.ro\/fizika\/wp-json\/wp\/v2\/pages"}],"about":[{"href":"https:\/\/atom.ubbcluj.ro\/fizika\/wp-json\/wp\/v2\/types\/page"}],"author":[{"embeddable":true,"href":"https:\/\/atom.ubbcluj.ro\/fizika\/wp-json\/wp\/v2\/users\/6"}],"replies":[{"embeddable":true,"href":"https:\/\/atom.ubbcluj.ro\/fizika\/wp-json\/wp\/v2\/comments?post=2989"}],"version-history":[{"count":30,"href":"https:\/\/atom.ubbcluj.ro\/fizika\/wp-json\/wp\/v2\/pages\/2989\/revisions"}],"predecessor-version":[{"id":3403,"href":"https:\/\/atom.ubbcluj.ro\/fizika\/wp-json\/wp\/v2\/pages\/2989\/revisions\/3403"}],"wp:attachment":[{"href":"https:\/\/atom.ubbcluj.ro\/fizika\/wp-json\/wp\/v2\/media?parent=2989"}],"curies":[{"name":"wp","href":"https:\/\/api.w.org\/{rel}","templated":true}]}}