{"id":37,"date":"2021-07-22T10:02:24","date_gmt":"2021-07-22T10:02:24","guid":{"rendered":"https:\/\/atom.ubbcluj.ro\/fizika\/?page_id=37"},"modified":"2021-07-22T21:23:06","modified_gmt":"2021-07-22T21:23:06","slug":"fizika-intezet-magyar-tagozat","status":"publish","type":"page","link":"https:\/\/atom.ubbcluj.ro\/fizika\/fizika-intezet-magyar-tagozat\/","title":{"rendered":"Fizika Int\u00e9zet \u2013 Magyar Tagozat"},"content":{"rendered":"\n<p>A \u201cBabe\u015f-Bolyai\u201d Tudom\u00e1nyegyetemen a magyar nyelv\u0171 Fizika oktat\u00e1s patin\u00e1s m\u00faltra tekinthet vissza \u00e9s v\u00e1ltozatos, gazdag hagyom\u00e1nyokon alapszik, de ugyanakkor \u00e1lland\u00f3an meg\u00fajul, l\u00e9p\u00e9set tart a korszer\u0171 fejl\u0151d\u00e9ssel, k\u00f6vetelm\u00e9nyekkel.<\/p>\n\n\n\n<p>Az 1581-es alap\u00edt\u00e1s ut\u00e1ni t\u00f6bbsz\u00f6r\u00f6s \u00e1talakul\u00e1s, \u00e1tszervez\u00e9s \u00e9s \u00e1tmin\u0151s\u00edt\u00e9s ut\u00e1n, 1872-ben els\u0151k\u00e9nt Kolozsv\u00e1ron alakul meg (\u00fajra) egy olyan egyetem, amely a term\u00e9szettudom\u00e1nyok jelent\u0151s\u00e9g\u00e9t elismerve k\u00fcl\u00f6n matematikai \u00e9s term\u00e9szettudom\u00e1nyi karral indul (abban az id\u0151ben Eur\u00f3p\u00e1ban ilyen kar csak a t\u00fcbingeni egyetemen m\u0171k\u00f6d\u00f6tt). R\u00f6vid id\u0151n bel\u00fcl t\u00e9rs\u00e9g\u00fcnk vezet\u0151 egyeteme lesz.<\/p>\n\n\n\n<p>A fizika oktat\u00e1s\u00e1ban olyan el\u0151d\u00f6kre tekinthet\u00fcnk b\u00fcszk\u00e9n vissza, mint <a href=\"http:\/\/hu.wikipedia.org\/wiki\/Abt_Antal\" target=\"_blank\" rel=\"noreferrer noopener\">Abt Antal<\/a> (a kolozsv\u00e1ri m\u00e1gness\u00e9gtani iskola megteremt\u0151je), <a href=\"http:\/\/hu.wikipedia.org\/wiki\/Tangl_K%C3%A1roly\" target=\"_blank\" rel=\"noreferrer noopener\">Tangl K\u00e1roly<\/a> (a v\u00e9konyr\u00e9tegek fizik\u00e1j\u00e1nak \u00fatt\u00f6r\u0151je) <a href=\"http:\/\/hu.wikipedia.org\/wiki\/K%C3%A1roly_Ir%C3%A9neusz_J%C3%B3zsef\" target=\"_blank\" rel=\"noreferrer noopener\">K\u00e1roly Ireneusz J\u00f3zsef<\/a> (aki Marconival egyid\u0151ben felfedezte a dr\u00f3tn\u00e9lk\u00fcli t\u00e1v\u00edr\u00f3t), <a href=\"http:\/\/hu.wikipedia.org\/wiki\/R%C3%A9thy_M%C3%B3r\" target=\"_blank\" rel=\"noreferrer noopener\">R\u00e9thy M\u00f3r<\/a> (a h\u0151tan \u00e9s mechanika elveinek elismert kutat\u00f3ja), <a href=\"http:\/\/hu.wikipedia.org\/wiki\/Pfeiffer_P%C3%A9ter\" target=\"_blank\" rel=\"noreferrer noopener\">Pfeiffer P\u00e9ter<\/a> (az elektrom\u00e1gneses hull\u00e1mok vil\u00e1gszerte elismert kutat\u00f3ja), <a href=\"http:\/\/hu.wikipedia.org\/wiki\/Farkas_Gyula_(matematikus)\" target=\"_blank\" rel=\"noreferrer noopener\">Farkas Gyula<\/a> (a kolozsv\u00e1ri elm\u00e9leti fizikai iskola megteremt\u0151je, aki mint matematikus v\u00e1lt h\u00edress\u00e9, a line\u00e1ris egyenl\u0151tlens\u00e9gekre vonatkoz\u00f3 Farkas-lemm\u00e1-nak k\u00f6sz\u00f6nhet\u0151en), <a href=\"http:\/\/hu.wikipedia.org\/wiki\/Ortvay_Rudolf\" target=\"_blank\" rel=\"noreferrer noopener\">Ortvay Rudolf<\/a> (a korai kvantummechanika egyik \u00fatt\u00f6r\u0151je), <a href=\"http:\/\/hu.wikipedia.org\/wiki\/Martin_Lajos\" data-type=\"URL\" data-id=\"http:\/\/hu.wikipedia.org\/wiki\/Martin_Lajos\" target=\"_blank\" rel=\"noreferrer noopener\">Martin Lajos<\/a> (a rep\u00fcl\u00e9s egyik \u00fatt\u00f6r\u0151je), <a href=\"http:\/\/mek.oszk.hu\/02100\/02185\/html\/646.html\" data-type=\"URL\" data-id=\"http:\/\/mek.oszk.hu\/02100\/02185\/html\/646.html\" target=\"_blank\" rel=\"noreferrer noopener\">Pog\u00e1ny B\u00e9la<\/a> (a v\u00e9konyr\u00e9tegek elektromos \u00e9s optikai tulakjdons\u00e1gs\u00e1gainak kutat\u00f3ja), <a href=\"http:\/\/hu.wikipedia.org\/wiki\/Gyulai_Zolt%C3%A1n\" data-type=\"URL\" data-id=\"http:\/\/hu.wikipedia.org\/wiki\/Gyulai_Zolt%C3%A1n\" target=\"_blank\" rel=\"noreferrer noopener\">Gyulai Zolt\u00e1n<\/a> (a krist\u00e1lyn\u00f6veked\u00e9s elismert kutat\u00f3ja), <a href=\"http:\/\/hu.wikipedia.org\/wiki\/Gomb%C3%A1s_P%C3%A1l\" data-type=\"URL\" data-id=\"http:\/\/hu.wikipedia.org\/wiki\/Gomb%C3%A1s_P%C3%A1l\" target=\"_blank\" rel=\"noreferrer noopener\">Gomb\u00e1s P\u00e1l<\/a> (a statisztikus atommodell megalkot\u00f3ja), <a href=\"http:\/\/hu.wikipedia.org\/wiki\/F%C3%A9nyes_Imre\" data-type=\"URL\" data-id=\"http:\/\/hu.wikipedia.org\/wiki\/F%C3%A9nyes_Imre\" target=\"_blank\" rel=\"noreferrer noopener\">F\u00e9nyes Imre<\/a> (a magyar elm\u00e9leti fizika elismert szem\u00e9lyis\u00e9ge).<\/p>\n\n\n\n<div class=\"wp-block-image\"><figure class=\"aligncenter size-full\"><img loading=\"lazy\" decoding=\"async\" width=\"600\" height=\"250\" src=\"https:\/\/atom.ubbcluj.ro\/fizika\/wp-content\/uploads\/2021\/07\/elodok1.jpeg\" alt=\"\" class=\"wp-image-86\" srcset=\"https:\/\/atom.ubbcluj.ro\/fizika\/wp-content\/uploads\/2021\/07\/elodok1.jpeg 600w, https:\/\/atom.ubbcluj.ro\/fizika\/wp-content\/uploads\/2021\/07\/elodok1-300x125.jpeg 300w\" sizes=\"auto, (max-width: 600px) 100vw, 600px\" \/><\/figure><\/div>\n\n\n\n<div class=\"wp-block-image\"><figure class=\"aligncenter size-full\"><img loading=\"lazy\" decoding=\"async\" width=\"600\" height=\"250\" src=\"https:\/\/atom.ubbcluj.ro\/fizika\/wp-content\/uploads\/2021\/07\/elodok2.jpeg\" alt=\"\" class=\"wp-image-85\" srcset=\"https:\/\/atom.ubbcluj.ro\/fizika\/wp-content\/uploads\/2021\/07\/elodok2.jpeg 600w, https:\/\/atom.ubbcluj.ro\/fizika\/wp-content\/uploads\/2021\/07\/elodok2-300x125.jpeg 300w\" sizes=\"auto, (max-width: 600px) 100vw, 600px\" \/><\/figure><\/div>\n\n\n\n<div class=\"wp-block-image\"><figure class=\"aligncenter size-full\"><img loading=\"lazy\" decoding=\"async\" width=\"449\" height=\"250\" src=\"https:\/\/atom.ubbcluj.ro\/fizika\/wp-content\/uploads\/2021\/07\/elodok3.jpeg\" alt=\"\" class=\"wp-image-87\" srcset=\"https:\/\/atom.ubbcluj.ro\/fizika\/wp-content\/uploads\/2021\/07\/elodok3.jpeg 449w, https:\/\/atom.ubbcluj.ro\/fizika\/wp-content\/uploads\/2021\/07\/elodok3-300x167.jpeg 300w\" sizes=\"auto, (max-width: 449px) 100vw, 449px\" \/><\/figure><\/div>\n\n\n\n<p>A t\u00f6rt\u00e9nelem viharai, a k\u00e9t vil\u00e1gh\u00e1bor\u00fa \u00e9s azok k\u00f6vetkezm\u00e9nyei, \u00fajb\u00f3l sok v\u00e1ltoz\u00e1st hoznak. 1948-t\u00f3l a fizika oktat\u00e1s\u00e1t a Matematika \u00e9s Fizika Kar biztos\u00edtotta, majd 1962-ben, a bukaresti, j\u00e1szv\u00e1s\u00e1ri \u00e9s temesv\u00e1ri egyetemekhez hasonl\u00f3an, megalakul az \u00f6n\u00e1ll\u00f3 Fizika kar. 1986-ig m\u00fck\u00f6dhet \u00f6n\u00e1ll\u00f3an, majd \u00fajb\u00f3l egyes\u00edtik a Matematika karral. 1990-t\u0151l a karok sz\u00e9tv\u00e1lnak.<\/p>\n\n\n\n<p>Ugyanakkor \u00fajrakezd\u0151dik a teljes k\u00f6r\u0171 magyar nyelv\u0171 oktat\u00e1s is fizika szakon, ez a k\u00e9s\u0151bbiekben matematika \u2013 fizika, m\u00e9rn\u00f6ki fizika, orvosi fizika \u00e9s fizika informatika szakokkal b\u0151v\u00fcl.<\/p>\n","protected":false},"excerpt":{"rendered":"<p>A \u201cBabe\u015f-Bolyai\u201d Tudom\u00e1nyegyetemen a magyar nyelv\u0171 Fizika oktat\u00e1s patin\u00e1s m\u00faltra tekinthet vissza \u00e9s v\u00e1ltozatos, gazdag hagyom\u00e1nyokon alapszik, de ugyanakkor \u00e1lland\u00f3an meg\u00fajul, l\u00e9p\u00e9set tart a korszer\u0171 fejl\u0151d\u00e9ssel, k\u00f6vetelm\u00e9nyekkel. Az 1581-es alap\u00edt\u00e1s ut\u00e1ni t\u00f6bbsz\u00f6r\u00f6s \u00e1talakul\u00e1s, \u00e1tszervez\u00e9s \u00e9s \u00e1tmin\u0151s\u00edt\u00e9s ut\u00e1n, 1872-ben els\u0151k\u00e9nt Kolozsv\u00e1ron alakul meg (\u00fajra) egy olyan egyetem, amely a term\u00e9szettudom\u00e1nyok jelent\u0151s\u00e9g\u00e9t elismerve k\u00fcl\u00f6n matematikai \u00e9s term\u00e9szettudom\u00e1nyi &hellip; <\/p>\n<div class=\"link-more\"><a href=\"https:\/\/atom.ubbcluj.ro\/fizika\/fizika-intezet-magyar-tagozat\/\" class=\"more-link\">Read More<span class=\"screen-reader-text\"> &#8220;Fizika Int\u00e9zet \u2013 Magyar Tagozat&#8221;<\/span><\/a><\/div>\n","protected":false},"author":1,"featured_media":0,"parent":0,"menu_order":0,"comment_status":"closed","ping_status":"closed","template":"","meta":{"wpupg_custom_link":[],"wpupg_custom_link_behaviour":[],"wpupg_custom_link_nofollow":[],"wpupg_custom_image":[],"wpupg_custom_image_id":[],"footnotes":""},"class_list":["post-37","page","type-page","status-publish","hentry"],"featured_image_src":null,"_links":{"self":[{"href":"https:\/\/atom.ubbcluj.ro\/fizika\/wp-json\/wp\/v2\/pages\/37","targetHints":{"allow":["GET"]}}],"collection":[{"href":"https:\/\/atom.ubbcluj.ro\/fizika\/wp-json\/wp\/v2\/pages"}],"about":[{"href":"https:\/\/atom.ubbcluj.ro\/fizika\/wp-json\/wp\/v2\/types\/page"}],"author":[{"embeddable":true,"href":"https:\/\/atom.ubbcluj.ro\/fizika\/wp-json\/wp\/v2\/users\/1"}],"replies":[{"embeddable":true,"href":"https:\/\/atom.ubbcluj.ro\/fizika\/wp-json\/wp\/v2\/comments?post=37"}],"version-history":[{"count":5,"href":"https:\/\/atom.ubbcluj.ro\/fizika\/wp-json\/wp\/v2\/pages\/37\/revisions"}],"predecessor-version":[{"id":98,"href":"https:\/\/atom.ubbcluj.ro\/fizika\/wp-json\/wp\/v2\/pages\/37\/revisions\/98"}],"wp:attachment":[{"href":"https:\/\/atom.ubbcluj.ro\/fizika\/wp-json\/wp\/v2\/media?parent=37"}],"curies":[{"name":"wp","href":"https:\/\/api.w.org\/{rel}","templated":true}]}}