{"id":44,"date":"2021-07-22T10:04:44","date_gmt":"2021-07-22T10:04:44","guid":{"rendered":"https:\/\/atom.ubbcluj.ro\/fizika\/?page_id=44"},"modified":"2023-02-23T22:57:21","modified_gmt":"2023-02-23T19:57:21","slug":"kutatas","status":"publish","type":"page","link":"https:\/\/atom.ubbcluj.ro\/fizika\/kutatas\/","title":{"rendered":"Kutat\u00e1s"},"content":{"rendered":"\n<div class=\"wp-block-media-text alignwide is-stacked-on-mobile\" style=\"grid-template-columns:29% auto\"><figure class=\"wp-block-media-text__media\"><img loading=\"lazy\" decoding=\"async\" width=\"1002\" height=\"830\" src=\"https:\/\/atom.ubbcluj.ro\/fizika\/wp-content\/uploads\/2023\/02\/statistical-1.png\" alt=\"\" class=\"wp-image-1958 size-full\" srcset=\"https:\/\/atom.ubbcluj.ro\/fizika\/wp-content\/uploads\/2023\/02\/statistical-1.png 1002w, https:\/\/atom.ubbcluj.ro\/fizika\/wp-content\/uploads\/2023\/02\/statistical-1-300x249.png 300w, https:\/\/atom.ubbcluj.ro\/fizika\/wp-content\/uploads\/2023\/02\/statistical-1-768x636.png 768w\" sizes=\"auto, (max-width: 1002px) 100vw, 1002px\" \/><\/figure><div class=\"wp-block-media-text__content\">\n<ul class=\"wp-block-list\">\n<li>\u00d6nszervez\u0151d\u0151 folyamatainak tanulm\u00e1nyoz\u00e1sa fizikai rendszerekben, interdiszciplin\u00e1ris alkalmaz\u00e1sok<\/li>\n\n\n\n<li>Statisztikus fizikai m\u00f3dszerek \u00e1ltal\u00e1nos\u00edt\u00e1sa a t\u00e1rsadalmi-gazdas\u00e1gi jelens\u00e9gek vizsg\u00e1lat\u00e1ra<\/li>\n\n\n\n<li>A kritikus viselked\u00e9s vizsg\u00e1lata fizikai rendszerekben<\/li>\n<\/ul>\n<\/div><\/div>\n\n\n\n<div class=\"wp-block-media-text alignwide has-media-on-the-right is-stacked-on-mobile\" style=\"grid-template-columns:auto 30%\"><div class=\"wp-block-media-text__content\">\n<ul class=\"wp-block-list\">\n<li>Atomok \u00e9s molekul\u00e1k intenz\u00edv l\u00e9zermez\u0151kkel val\u00f3 k\u00f6lcs\u00f6nhat\u00e1s\u00e1nak elm\u00e9leti vizsg\u00e1lata. Hologramok kialakul\u00e1sa a kibocs\u00e1tott fotoelektron spektrumban.<\/li>\n\n\n\n<li>Atomok \u00e9s molekul\u00e1k ioniz\u00e1l\u00e1sa gyors ionokkal. Az effekt\u00edv teljes differenci\u00e1lis ioniz\u00e1ci\u00f3s keresztmetszetek f\u00fcgg\u00e9se a l\u00f6ved\u00e9khez tartoz\u00f3 hull\u00e1mcsomag koherenciahossz\u00e1t\u00f3l.<\/li>\n\n\n\n<li>Interferenciahat\u00e1sok a kibocs\u00e1tott elektronspektrumban.<\/li>\n<\/ul>\n<\/div><figure class=\"wp-block-media-text__media\"><img loading=\"lazy\" decoding=\"async\" width=\"1024\" height=\"879\" src=\"https:\/\/atom.ubbcluj.ro\/fizika\/wp-content\/uploads\/2023\/02\/atomcoll-1-1024x879.png\" alt=\"\" class=\"wp-image-1959 size-full\" srcset=\"https:\/\/atom.ubbcluj.ro\/fizika\/wp-content\/uploads\/2023\/02\/atomcoll-1-1024x879.png 1024w, https:\/\/atom.ubbcluj.ro\/fizika\/wp-content\/uploads\/2023\/02\/atomcoll-1-300x258.png 300w, https:\/\/atom.ubbcluj.ro\/fizika\/wp-content\/uploads\/2023\/02\/atomcoll-1-768x659.png 768w, https:\/\/atom.ubbcluj.ro\/fizika\/wp-content\/uploads\/2023\/02\/atomcoll-1.png 1200w\" sizes=\"auto, (max-width: 1024px) 100vw, 1024px\" \/><\/figure><\/div>\n\n\n\n<div class=\"wp-block-media-text alignwide is-stacked-on-mobile\" style=\"grid-template-columns:27% auto\"><figure class=\"wp-block-media-text__media\"><img loading=\"lazy\" decoding=\"async\" width=\"944\" height=\"874\" src=\"https:\/\/atom.ubbcluj.ro\/fizika\/wp-content\/uploads\/2023\/02\/iot.png\" alt=\"\" class=\"wp-image-1965 size-full\" srcset=\"https:\/\/atom.ubbcluj.ro\/fizika\/wp-content\/uploads\/2023\/02\/iot.png 944w, https:\/\/atom.ubbcluj.ro\/fizika\/wp-content\/uploads\/2023\/02\/iot-300x278.png 300w, https:\/\/atom.ubbcluj.ro\/fizika\/wp-content\/uploads\/2023\/02\/iot-768x711.png 768w\" sizes=\"auto, (max-width: 944px) 100vw, 944px\" \/><\/figure><div class=\"wp-block-media-text__content\">\n<ul class=\"wp-block-list\">\n<li>\u00c1ltal\u00e1nos Internet of Things (IoT) rendszerek<\/li>\n\n\n\n<li>Adatgy\u0171jt\u0151 rendszerek \u00e9s laborat\u00f3riumi m\u0171szerek<\/li>\n<\/ul>\n<\/div><\/div>\n\n\n\n<div class=\"wp-block-media-text alignwide has-media-on-the-right is-stacked-on-mobile\" style=\"grid-template-columns:auto 24%\"><div class=\"wp-block-media-text__content\">\n<ul class=\"wp-block-list\">\n<li>\u00d6nszervez\u0151d\u0151 robotok ir\u00e1ny\u00edt\u00e1sa, dinamikus rendszerekre \u00e9p\u00fcl\u0151 algoritmusok fejleszt\u00e9se<\/li>\n\n\n\n<li>A robotok \u00e1ltal haszn\u00e1lhat\u00f3 szenzorok \u00e9s kommunik\u00e1ci\u00f3s infrastrukt\u00fara<\/li>\n<\/ul>\n<\/div><figure class=\"wp-block-media-text__media\"><img loading=\"lazy\" decoding=\"async\" width=\"842\" height=\"691\" src=\"https:\/\/atom.ubbcluj.ro\/fizika\/wp-content\/uploads\/2023\/02\/robots.png\" alt=\"\" class=\"wp-image-1968 size-full\" srcset=\"https:\/\/atom.ubbcluj.ro\/fizika\/wp-content\/uploads\/2023\/02\/robots.png 842w, https:\/\/atom.ubbcluj.ro\/fizika\/wp-content\/uploads\/2023\/02\/robots-300x246.png 300w, https:\/\/atom.ubbcluj.ro\/fizika\/wp-content\/uploads\/2023\/02\/robots-768x630.png 768w\" sizes=\"auto, (max-width: 842px) 100vw, 842px\" \/><\/figure><\/div>\n\n\n\n<div class=\"wp-block-media-text alignwide is-stacked-on-mobile\" style=\"grid-template-columns:25% auto\"><figure class=\"wp-block-media-text__media\"><img loading=\"lazy\" decoding=\"async\" width=\"917\" height=\"735\" src=\"https:\/\/atom.ubbcluj.ro\/fizika\/wp-content\/uploads\/2023\/02\/data.png\" alt=\"\" class=\"wp-image-1970 size-full\" srcset=\"https:\/\/atom.ubbcluj.ro\/fizika\/wp-content\/uploads\/2023\/02\/data.png 917w, https:\/\/atom.ubbcluj.ro\/fizika\/wp-content\/uploads\/2023\/02\/data-300x240.png 300w, https:\/\/atom.ubbcluj.ro\/fizika\/wp-content\/uploads\/2023\/02\/data-768x616.png 768w\" sizes=\"auto, (max-width: 917px) 100vw, 917px\" \/><\/figure><div class=\"wp-block-media-text__content\">\n<ul class=\"wp-block-list\">\n<li>Dinamikus rendszerek k\u00eds\u00e9rleti \u00e9s elm\u00e9leti vizsg\u00e1lata.<\/li>\n\n\n\n<li>Kaotikus dinamika tanulm\u00e1nyoz\u00e1sa, id\u0151sorok elemz\u00e9se h\u00e1l\u00f3zati m\u00f3dszerekkel<\/li>\n\n\n\n<li>Optimiz\u00e1ci\u00f3s feladatok megold\u00e1sa folytonos dinamikus redszerekkel<\/li>\n<\/ul>\n<\/div><\/div>\n\n\n\n<div class=\"wp-block-media-text alignwide has-media-on-the-right is-stacked-on-mobile\" style=\"grid-template-columns:auto 27%\"><div class=\"wp-block-media-text__content\">\n<ul class=\"wp-block-list\">\n<li>Az agy struktur\u00e1lis \u00e9s funkcion\u00e1lis h\u00e1l\u00f3zatainak tanulm\u00e1nyoz\u00e1sa, alkalmaz\u00e1sok bizonyos vizu\u00e1lis felismer\u00e9si folyamatok meg\u00e9rt\u00e9s\u00e9re, k\u00fcl\u00f6nb\u00f6z\u0151 betegs\u00e9gek tanulm\u00e1nyoz\u00e1s\u00e1ra, biomarkerek l\u00e9trehoz\u00e1s\u00e1ra (alkoholizmus, ambli\u00f3pia, k\u00f3m\u00e1ban lev\u0151 p\u00e1ciensek, stb.)<\/li>\n<\/ul>\n<\/div><figure class=\"wp-block-media-text__media\"><img loading=\"lazy\" decoding=\"async\" width=\"948\" height=\"796\" src=\"https:\/\/atom.ubbcluj.ro\/fizika\/wp-content\/uploads\/2023\/02\/brain.png\" alt=\"\" class=\"wp-image-1972 size-full\" srcset=\"https:\/\/atom.ubbcluj.ro\/fizika\/wp-content\/uploads\/2023\/02\/brain.png 948w, https:\/\/atom.ubbcluj.ro\/fizika\/wp-content\/uploads\/2023\/02\/brain-300x252.png 300w, https:\/\/atom.ubbcluj.ro\/fizika\/wp-content\/uploads\/2023\/02\/brain-768x645.png 768w\" sizes=\"auto, (max-width: 948px) 100vw, 948px\" \/><\/figure><\/div>\n","protected":false},"excerpt":{"rendered":"","protected":false},"author":1,"featured_media":0,"parent":0,"menu_order":0,"comment_status":"closed","ping_status":"closed","template":"","meta":{"wpupg_custom_link":[],"wpupg_custom_link_behaviour":[],"wpupg_custom_link_nofollow":[],"wpupg_custom_image":[],"wpupg_custom_image_id":[],"footnotes":""},"class_list":["post-44","page","type-page","status-publish","hentry"],"featured_image_src":null,"_links":{"self":[{"href":"https:\/\/atom.ubbcluj.ro\/fizika\/wp-json\/wp\/v2\/pages\/44","targetHints":{"allow":["GET"]}}],"collection":[{"href":"https:\/\/atom.ubbcluj.ro\/fizika\/wp-json\/wp\/v2\/pages"}],"about":[{"href":"https:\/\/atom.ubbcluj.ro\/fizika\/wp-json\/wp\/v2\/types\/page"}],"author":[{"embeddable":true,"href":"https:\/\/atom.ubbcluj.ro\/fizika\/wp-json\/wp\/v2\/users\/1"}],"replies":[{"embeddable":true,"href":"https:\/\/atom.ubbcluj.ro\/fizika\/wp-json\/wp\/v2\/comments?post=44"}],"version-history":[{"count":15,"href":"https:\/\/atom.ubbcluj.ro\/fizika\/wp-json\/wp\/v2\/pages\/44\/revisions"}],"predecessor-version":[{"id":1975,"href":"https:\/\/atom.ubbcluj.ro\/fizika\/wp-json\/wp\/v2\/pages\/44\/revisions\/1975"}],"wp:attachment":[{"href":"https:\/\/atom.ubbcluj.ro\/fizika\/wp-json\/wp\/v2\/media?parent=44"}],"curies":[{"name":"wp","href":"https:\/\/api.w.org\/{rel}","templated":true}]}}