{"id":635,"date":"2021-09-14T22:18:23","date_gmt":"2021-09-14T19:18:23","guid":{"rendered":"https:\/\/atom.ubbcluj.ro\/fizika\/?page_id=635"},"modified":"2024-09-29T11:13:51","modified_gmt":"2024-09-29T08:13:51","slug":"szerkezet","status":"publish","type":"page","link":"https:\/\/atom.ubbcluj.ro\/fizika\/szerkezet\/","title":{"rendered":"Szerkezet"},"content":{"rendered":"\n<h2 class=\"wp-block-heading\">D\u00e9k\u00e1ni hivatal<\/h2>\n\n\n\n<div class=\"wp-block-columns is-layout-flex wp-container-core-columns-is-layout-9d6595d7 wp-block-columns-is-layout-flex\">\n<div class=\"wp-block-column is-layout-flow wp-block-column-is-layout-flow\">\n<div class=\"wp-block-media-text alignwide is-stacked-on-mobile\" style=\"grid-template-columns:15% auto\"><figure class=\"wp-block-media-text__media\"><img loading=\"lazy\" decoding=\"async\" width=\"79\" height=\"100\" src=\"https:\/\/atom.ubbcluj.ro\/fizika\/wp-content\/uploads\/2024\/09\/DanielAndreica.png\" alt=\"\" class=\"wp-image-2495 size-full\"\/><\/figure><div class=\"wp-block-media-text__content\">\n<h3 class=\"wp-block-heading\" id=\"block-b3d3f017-ab20-46ef-9ad6-610da150cce9\">D\u00e9k\u00e1n<\/h3>\n\n\n\n<p id=\"block-59065e72-8102-4822-b1f1-891fba1fc384\">dr. Daniel-Aurelian Andreica, egyetemi tan\u00e1r<\/p>\n<\/div><\/div>\n<\/div>\n\n\n\n<div class=\"wp-block-column is-layout-flow wp-block-column-is-layout-flow\">\n<div class=\"wp-block-media-text alignwide is-stacked-on-mobile\" style=\"grid-template-columns:15% auto\"><figure class=\"wp-block-media-text__media\"><img loading=\"lazy\" decoding=\"async\" width=\"110\" height=\"146\" src=\"https:\/\/atom.ubbcluj.ro\/fizika\/wp-content\/uploads\/2024\/09\/BorbelySandor-1.png\" alt=\"\" class=\"wp-image-2528 size-full\"\/><\/figure><div class=\"wp-block-media-text__content\">\n<h3 class=\"wp-block-heading\">D\u00e9k\u00e1nhelyettes<\/h3>\n\n\n\n<p>dr. Borb\u00e9ly S\u00e1ndor egyetemi adjunktus<\/p>\n<\/div><\/div>\n\n\n\n<div class=\"wp-block-media-text is-stacked-on-mobile\" style=\"grid-template-columns:15% auto\"><figure class=\"wp-block-media-text__media\"><img loading=\"lazy\" decoding=\"async\" width=\"75\" height=\"100\" src=\"https:\/\/atom.ubbcluj.ro\/fizika\/wp-content\/uploads\/2024\/09\/HoriaPasca-1.png\" alt=\"\" class=\"wp-image-2501 size-full\"\/><\/figure><div class=\"wp-block-media-text__content\">\n<h3 class=\"wp-block-heading\">D\u00e9k\u00e1nhelyettes<\/h3>\n\n\n\n<p>dr. Pa\u0219ca Horia egyetemi adjunktus<\/p>\n<\/div><\/div>\n<\/div>\n<\/div>\n\n\n\n<h2 class=\"wp-block-heading\">Titk\u00e1rs\u00e1g<\/h2>\n\n\n\n<div class=\"wp-block-columns is-layout-flex wp-container-core-columns-is-layout-9d6595d7 wp-block-columns-is-layout-flex\">\n<div class=\"wp-block-column is-layout-flow wp-block-column-is-layout-flow\">\n<div class=\"wp-block-media-text alignwide is-stacked-on-mobile\" style=\"grid-template-columns:15% auto\"><figure class=\"wp-block-media-text__media\"><img loading=\"lazy\" decoding=\"async\" width=\"75\" height=\"100\" src=\"https:\/\/atom.ubbcluj.ro\/fizika\/wp-content\/uploads\/2024\/09\/RomanaNemes.png\" alt=\"\" class=\"wp-image-2503 size-full\"\/><\/figure><div class=\"wp-block-media-text__content\">\n<h3 class=\"wp-block-heading\"><meta charset=\"utf-8\">F\u0151titk\u00e1r \u00e9s gazdas\u00e1gi \u00fcgyintez\u0151<\/h3>\n\n\n\n<p>Romana Neme\u0219, k\u00f6zgazd\u00e1sz<\/p>\n<\/div><\/div>\n\n\n\n<div class=\"wp-block-media-text alignwide is-stacked-on-mobile\" style=\"grid-template-columns:15% auto\"><figure class=\"wp-block-media-text__media\"><img loading=\"lazy\" decoding=\"async\" width=\"75\" height=\"100\" src=\"https:\/\/atom.ubbcluj.ro\/fizika\/wp-content\/uploads\/2024\/09\/MatheEniko.png\" alt=\"\" class=\"wp-image-2521 size-full\"\/><\/figure><div class=\"wp-block-media-text__content\">\n<h3 class=\"wp-block-heading\">Titk\u00e1rn\u0151<\/h3>\n\n\n\n<p>M\u00e1th\u00e9 Enik\u0151<br>(magyar tagozat, Fizika informatika \u00e9s M\u00e9rn\u00f6ki fizika rom\u00e1n tagozat, mesteri szakok)<\/p>\n<\/div><\/div>\n<\/div>\n\n\n\n<div class=\"wp-block-column is-layout-flow wp-block-column-is-layout-flow\">\n<div class=\"wp-block-media-text alignwide is-stacked-on-mobile\" style=\"grid-template-columns:15% auto\"><figure class=\"wp-block-media-text__media\"><img loading=\"lazy\" decoding=\"async\" width=\"75\" height=\"100\" src=\"https:\/\/atom.ubbcluj.ro\/fizika\/wp-content\/uploads\/2024\/09\/IoanaIancu.png\" alt=\"\" class=\"wp-image-2519 size-full\"\/><\/figure><div class=\"wp-block-media-text__content\">\n<h3 class=\"wp-block-heading\">Titk\u00e1rn\u0151<\/h3>\n\n\n\n<p>Ioana-Maria Iancu<br>(Fizika, Orvosi fizika rom\u00e1n tagozat)<\/p>\n<\/div><\/div>\n<\/div>\n<\/div>\n\n\n\n<h2 class=\"wp-block-heading\">Int\u00e9zetigazgat\u00f3k<\/h2>\n\n\n\n<div class=\"wp-block-columns is-layout-flex wp-container-core-columns-is-layout-9d6595d7 wp-block-columns-is-layout-flex\">\n<div class=\"wp-block-column is-layout-flow wp-block-column-is-layout-flow\">\n<div class=\"wp-block-media-text alignwide is-stacked-on-mobile\" style=\"grid-template-columns:18% auto\"><figure class=\"wp-block-media-text__media\"><img loading=\"lazy\" decoding=\"async\" width=\"150\" height=\"200\" src=\"https:\/\/atom.ubbcluj.ro\/fizika\/wp-content\/uploads\/2024\/09\/MihaiVasilescu.png\" alt=\"\" class=\"wp-image-2506 size-full\"\/><\/figure><div class=\"wp-block-media-text__content\">\n<h3 class=\"wp-block-heading\">Korszer\u0171 Technol\u00f3gi\u00e1k \u00e9s Kondez\u00e1lt \u00c1llapotok Fizik\u00e1ja Int\u00e9zet<\/h3>\n\n\n\n<p id=\"block-f7ec08d0-72b0-4a79-832c-6e6455921063\">dr. Mihai Vasilescu, egyetemi adjunktus<\/p>\n<\/div><\/div>\n\n\n\n<div class=\"wp-block-media-text alignwide is-stacked-on-mobile\" style=\"grid-template-columns:18% auto\"><figure class=\"wp-block-media-text__media\"><img loading=\"lazy\" decoding=\"async\" width=\"150\" height=\"200\" src=\"https:\/\/atom.ubbcluj.ro\/fizika\/wp-content\/uploads\/2024\/09\/Jarai-SzaboFerenc.png\" alt=\"\" class=\"wp-image-2513 size-full\"\/><\/figure><div class=\"wp-block-media-text__content\">\n<h3 class=\"wp-block-heading\">Fizika Int\u00e9zet &#8211; Magyar Tagozat<\/h3>\n\n\n\n<p id=\"block-70382bfe-229c-4230-ba8d-44442c555280\">dr. J\u00e1rai-Szab\u00f3 Ferenc, egyetemi docens<\/p>\n<\/div><\/div>\n<\/div>\n\n\n\n<div class=\"wp-block-column is-layout-flow wp-block-column-is-layout-flow\">\n<div class=\"wp-block-media-text alignwide is-stacked-on-mobile\" style=\"grid-template-columns:18% auto\"><figure class=\"wp-block-media-text__media\"><img loading=\"lazy\" decoding=\"async\" width=\"116\" height=\"155\" src=\"https:\/\/atom.ubbcluj.ro\/fizika\/wp-content\/uploads\/2024\/09\/DanaManiu.png\" alt=\"\" class=\"wp-image-2509 size-full\"\/><\/figure><div class=\"wp-block-media-text__content\">\n<h3 class=\"wp-block-heading\"><meta charset=\"utf-8\">Orvosbiol\u00f3gia, Elm\u00e9leti Fizika \u00e9s Molekul\u00e1ris Spektroszk\u00f3pia Int\u00e9zet<\/h3>\n\n\n\n<p id=\"block-aa297a5f-810d-4a58-91a5-252375a67945\">dr. Dana Maniu, egyetemi docens<\/p>\n<\/div><\/div>\n\n\n\n<div class=\"wp-block-media-text alignwide is-stacked-on-mobile\" style=\"grid-template-columns:18% auto\"><figure class=\"wp-block-media-text__media\"><img loading=\"lazy\" decoding=\"async\" width=\"150\" height=\"200\" src=\"https:\/\/atom.ubbcluj.ro\/fizika\/wp-content\/uploads\/2024\/09\/VasileChis.png\" alt=\"\" class=\"wp-image-2517 size-full\"\/><\/figure><div class=\"wp-block-media-text__content\">\n<h3 class=\"wp-block-heading\">Fizika Doktori Iskola<\/h3>\n\n\n\n<p id=\"block-f1f5c613-9d35-4f8b-a076-9bfdec76ece8\">dr. Vasile Chi\u0219, egyetemi tan\u00e1r<\/p>\n<\/div><\/div>\n<\/div>\n<\/div>\n\n\n\n<h2 class=\"wp-block-heading\">Szen\u00e1tusi k\u00e9pvisel\u0151k<\/h2>\n\n\n\n<div class=\"wp-block-columns is-layout-flex wp-container-core-columns-is-layout-9d6595d7 wp-block-columns-is-layout-flex\">\n<div class=\"wp-block-column is-layout-flow wp-block-column-is-layout-flow\">\n<div class=\"wp-block-media-text alignwide is-stacked-on-mobile\" style=\"grid-template-columns:18% auto\"><figure class=\"wp-block-media-text__media\"><img loading=\"lazy\" decoding=\"async\" width=\"75\" height=\"100\" src=\"https:\/\/atom.ubbcluj.ro\/fizika\/wp-content\/uploads\/2024\/09\/HoriaPasca-1.png\" alt=\"\" class=\"wp-image-2501 size-full\"\/><\/figure><div class=\"wp-block-media-text__content\">\n<p><meta charset=\"utf-8\"><\/meta>dr. Horia Pa\u0219ca, egyetemi adjunktus<br>Rom\u00e1n Tagozat K\u00e9pvisel\u0151<\/p>\n<\/div><\/div>\n<\/div>\n\n\n\n<div class=\"wp-block-column is-layout-flow wp-block-column-is-layout-flow\">\n<div class=\"wp-block-media-text alignwide is-stacked-on-mobile\" style=\"grid-template-columns:18% auto\"><figure class=\"wp-block-media-text__media\"><img loading=\"lazy\" decoding=\"async\" width=\"150\" height=\"200\" src=\"https:\/\/atom.ubbcluj.ro\/fizika\/wp-content\/uploads\/2024\/09\/Jarai-SzaboFerenc.png\" alt=\"\" class=\"wp-image-2513 size-full\"\/><\/figure><div class=\"wp-block-media-text__content\">\n<p>dr. J\u00e1rai-Szab\u00f3 Ferenc, egyetemi docens<br>Magyar Tagozati K\u00e9pvisel\u0151<\/p>\n<\/div><\/div>\n<\/div>\n<\/div>\n\n\n\n<p><\/p>\n","protected":false},"excerpt":{"rendered":"<p>D\u00e9k\u00e1ni hivatal D\u00e9k\u00e1n dr. Daniel-Aurelian Andreica, egyetemi tan\u00e1r D\u00e9k\u00e1nhelyettes dr. Borb\u00e9ly S\u00e1ndor egyetemi adjunktus D\u00e9k\u00e1nhelyettes dr. Pa\u0219ca Horia egyetemi adjunktus Titk\u00e1rs\u00e1g F\u0151titk\u00e1r \u00e9s gazdas\u00e1gi \u00fcgyintez\u0151 Romana Neme\u0219, k\u00f6zgazd\u00e1sz Titk\u00e1rn\u0151 M\u00e1th\u00e9 Enik\u0151(magyar tagozat, Fizika informatika \u00e9s M\u00e9rn\u00f6ki fizika rom\u00e1n tagozat, mesteri szakok) Titk\u00e1rn\u0151 Ioana-Maria Iancu(Fizika, Orvosi fizika rom\u00e1n tagozat) Int\u00e9zetigazgat\u00f3k Korszer\u0171 Technol\u00f3gi\u00e1k \u00e9s Kondez\u00e1lt \u00c1llapotok Fizik\u00e1ja &hellip; <\/p>\n<div class=\"link-more\"><a href=\"https:\/\/atom.ubbcluj.ro\/fizika\/szerkezet\/\" class=\"more-link\">Read More<span class=\"screen-reader-text\"> &#8220;Szerkezet&#8221;<\/span><\/a><\/div>\n","protected":false},"author":1,"featured_media":0,"parent":0,"menu_order":0,"comment_status":"closed","ping_status":"closed","template":"","meta":{"wpupg_custom_link":[],"wpupg_custom_link_behaviour":[],"wpupg_custom_link_nofollow":[],"wpupg_custom_image":[],"wpupg_custom_image_id":[],"footnotes":""},"class_list":["post-635","page","type-page","status-publish","hentry"],"featured_image_src":null,"_links":{"self":[{"href":"https:\/\/atom.ubbcluj.ro\/fizika\/wp-json\/wp\/v2\/pages\/635","targetHints":{"allow":["GET"]}}],"collection":[{"href":"https:\/\/atom.ubbcluj.ro\/fizika\/wp-json\/wp\/v2\/pages"}],"about":[{"href":"https:\/\/atom.ubbcluj.ro\/fizika\/wp-json\/wp\/v2\/types\/page"}],"author":[{"embeddable":true,"href":"https:\/\/atom.ubbcluj.ro\/fizika\/wp-json\/wp\/v2\/users\/1"}],"replies":[{"embeddable":true,"href":"https:\/\/atom.ubbcluj.ro\/fizika\/wp-json\/wp\/v2\/comments?post=635"}],"version-history":[{"count":45,"href":"https:\/\/atom.ubbcluj.ro\/fizika\/wp-json\/wp\/v2\/pages\/635\/revisions"}],"predecessor-version":[{"id":2529,"href":"https:\/\/atom.ubbcluj.ro\/fizika\/wp-json\/wp\/v2\/pages\/635\/revisions\/2529"}],"wp:attachment":[{"href":"https:\/\/atom.ubbcluj.ro\/fizika\/wp-json\/wp\/v2\/media?parent=635"}],"curies":[{"name":"wp","href":"https:\/\/api.w.org\/{rel}","templated":true}]}}