{"id":69,"date":"2021-07-22T11:13:48","date_gmt":"2021-07-22T11:13:48","guid":{"rendered":"https:\/\/atom.ubbcluj.ro\/fizika\/?page_id=69"},"modified":"2024-09-29T11:50:29","modified_gmt":"2024-09-29T08:50:29","slug":"munkatarsak","status":"publish","type":"page","link":"https:\/\/atom.ubbcluj.ro\/fizika\/munkatarsak\/","title":{"rendered":"Munkat\u00e1rsak"},"content":{"rendered":"\n<div class=\"wp-block-media-text alignwide is-stacked-on-mobile\" style=\"grid-template-columns:15% auto\"><figure class=\"wp-block-media-text__media\"><img loading=\"lazy\" decoding=\"async\" width=\"120\" height=\"146\" src=\"https:\/\/atom.ubbcluj.ro\/fizika\/wp-content\/uploads\/2023\/07\/NagyLadislau.png\" alt=\"\" class=\"wp-image-2129 size-full\"\/><\/figure><div class=\"wp-block-media-text__content\">\n<h3 class=\"wp-block-heading\">Dr. Nagy L\u00e1szl\u00f3, egyetemi tan\u00e1r<\/h3>\n\n\n\n<p><i class=\"fas fa-building\"><\/i> 206 | <i class=\"fas fa-envelope\"><\/i> ladislau.nagy<i class=\"fas fa-at\"><\/i>ubbcluj.ro | <i class=\"fas fa-phone-square-alt\"><\/i> +40 264 405300 \/ 5107 | <i class=\"fas fa-external-link-alt\"><\/i> <a href=\"https:\/\/phys.ubbcluj.ro\/~lnagy\/\" target=\"_blank\" rel=\"noreferrer noopener\">https:\/\/phys.ubbcluj.ro\/~lnagy<\/a><\/p>\n\n\n\n<p><i class=\"fas fa-lightbulb\"><\/i> atomi \u00fctk\u00f6z\u00e9sek elm\u00e9leti vizsg\u00e1lata<\/p>\n<\/div><\/div>\n\n\n\n<div class=\"wp-block-media-text alignwide is-stacked-on-mobile\" style=\"grid-template-columns:15% auto\"><figure class=\"wp-block-media-text__media\"><img loading=\"lazy\" decoding=\"async\" width=\"120\" height=\"146\" src=\"https:\/\/atom.ubbcluj.ro\/fizika\/wp-content\/uploads\/2023\/07\/NedaZoltan-2.png\" alt=\"\" class=\"wp-image-2133 size-full\"\/><\/figure><div class=\"wp-block-media-text__content\">\n<h3 class=\"wp-block-heading\">Dr. N\u00e9da Zolt\u00e1n, egyetemi tan\u00e1r, a doktori iskola vezet\u0151je<\/h3>\n\n\n\n<p><i class=\"fas fa-building\"><\/i> 313 | <i class=\"fas fa-envelope\"><\/i> zoltan.neda<i class=\"fas fa-at\"><\/i>ubbcluj.ro | <i class=\"fas fa-external-link-alt\"><\/i> <a href=\"https:\/\/phys.ubbcluj.ro\/~zoltan.neda\" target=\"_blank\" rel=\"noreferrer noopener\">https:\/\/phys.ubbcluj.ro\/~zoltan.neda<\/a><\/p>\n\n\n\n<p><i class=\"fas fa-lightbulb\"><\/i> statisztikus fizikai probl\u00e9m\u00e1k, interdiszciplin\u00e1ris alkalmaz\u00e1sok<\/p>\n<\/div><\/div>\n\n\n\n<div class=\"wp-block-media-text alignwide is-stacked-on-mobile\" style=\"grid-template-columns:15% auto\"><figure class=\"wp-block-media-text__media\"><img loading=\"lazy\" decoding=\"async\" width=\"120\" height=\"146\" src=\"https:\/\/atom.ubbcluj.ro\/fizika\/wp-content\/uploads\/2023\/07\/Jarai-SzaboFerenc-6.png\" alt=\"\" class=\"wp-image-2149 size-full\"\/><\/figure><div class=\"wp-block-media-text__content\">\n<h3 class=\"wp-block-heading\">Dr. J\u00e1rai-Szab\u00f3 Ferenc, egyetemi docens, int\u00e9zetvezet\u0151<\/h3>\n\n\n\n<p><i class=\"fas fa-building\"><\/i> 213 | <i class=\"fas fa-envelope\"><\/i> ferenc.jarai<i class=\"fas fa-at\"><\/i>ubbcluj.ro | <i class=\"fas fa-phone-square-alt\"><\/i> +40 264 405300 \/ 5185 | <i class=\"fas fa-external-link-alt\"><\/i> <a href=\"https:\/\/phys.ubbcluj.ro\/~lnagy\/\" target=\"_blank\" rel=\"noreferrer noopener\">https:\/\/atom.ubbcluj.ro\/jferenc<\/a><\/p>\n\n\n\n<p><i class=\"fas fa-lightbulb\"><\/i> komplex rendszerek, sz\u00e1m\u00edt\u00f3g\u00e9pes modellez\u00e9s<\/p>\n<\/div><\/div>\n\n\n\n<div class=\"wp-block-media-text alignwide is-stacked-on-mobile\" style=\"grid-template-columns:15% auto\"><figure class=\"wp-block-media-text__media\"><img loading=\"lazy\" decoding=\"async\" width=\"120\" height=\"146\" src=\"https:\/\/atom.ubbcluj.ro\/fizika\/wp-content\/uploads\/2023\/07\/SimonAlpar.png\" alt=\"\" class=\"wp-image-2139 size-full\"\/><\/figure><div class=\"wp-block-media-text__content\">\n<h3 class=\"wp-block-heading\">Dr. Simon Alp\u00e1r, egyetemi docens<\/h3>\n\n\n\n<p><i class=\"fas fa-building\"><\/i> 236 | <i class=\"fas fa-envelope\"><\/i> alpar.simon<i class=\"fas fa-at\"><\/i>ubbcluj.ro | <i class=\"fas fa-external-link-alt\"><\/i> <a href=\"https:\/\/phys.ubbcluj.ro\/~alpar.simon\" target=\"_blank\" rel=\"noreferrer noopener\">https:\/\/phys.ubbcluj.ro\/~alpar.simon<\/a><\/p>\n\n\n\n<p><i class=\"fas fa-lightbulb\"><\/i> m\u0171szerez\u00e9s, m\u00e9r\u00e9stechnika, g\u00e1zkis\u00fcl\u00e9sek fizik\u00e1ja, fizikaoktat\u00e1s<\/p>\n<\/div><\/div>\n\n\n\n<div class=\"wp-block-media-text alignwide is-stacked-on-mobile\" style=\"grid-template-columns:15% auto\"><figure class=\"wp-block-media-text__media\"><img loading=\"lazy\" decoding=\"async\" width=\"120\" height=\"146\" src=\"https:\/\/atom.ubbcluj.ro\/fizika\/wp-content\/uploads\/2023\/07\/BorbelySandor.png\" alt=\"\" class=\"wp-image-2142 size-full\"\/><\/figure><div class=\"wp-block-media-text__content\">\n<h3 class=\"wp-block-heading\">Dr. Borb\u00e9ly S\u00e1ndor, egyetemi adjunktus, d\u00e9k\u00e1nhelyettes<\/h3>\n\n\n\n<p><i class=\"fas fa-building\"><\/i> 213 | <i class=\"fas fa-envelope\"><\/i> sandor.borbely<i class=\"fas fa-at\"><\/i>ubbcluj.ro | <i class=\"fas fa-phone-square-alt\"><\/i> +40 264 405300 \/ 5175 | <i class=\"fas fa-external-link-alt\"><\/i> <a rel=\"noreferrer noopener\" href=\"https:\/\/sandorborbely.ro\" target=\"_blank\">https:\/\/sandorborbely.ro<\/a><\/p>\n\n\n\n<p><i class=\"fas fa-lightbulb\"><\/i> l\u00e9zer-atom k\u00f6lcs\u00f6nhat\u00e1sok elm\u00e9leti vizsg\u00e1lata<\/p>\n<\/div><\/div>\n\n\n\n<div class=\"wp-block-media-text alignwide is-stacked-on-mobile\" style=\"grid-template-columns:15% auto\"><figure class=\"wp-block-media-text__media\"><img loading=\"lazy\" decoding=\"async\" width=\"120\" height=\"146\" src=\"https:\/\/atom.ubbcluj.ro\/fizika\/wp-content\/uploads\/2024\/09\/GereIstvan.png\" alt=\"\" class=\"wp-image-2532 size-full\"\/><\/figure><div class=\"wp-block-media-text__content\">\n<h3 class=\"wp-block-heading\">Dr. Gere Istv\u00e1n, egyetemi adjunktus<\/h3>\n\n\n\n<p><i class=\"fas fa-building\"><\/i> 236 | <i class=\"fas fa-envelope\"><\/i> istvan.gere<i class=\"fas fa-at\"><\/i>ubbcluj.ro<\/p>\n\n\n\n<p><i class=\"fas fa-lightbulb\"><\/i> m\u0171szerez\u00e9s, m\u00e9r\u00e9stechnika, sz\u00e1m\u00edt\u00f3g\u00e9pes modellez\u00e9s \u00e9s adatfeldolgoz\u00e1s<\/p>\n<\/div><\/div>\n\n\n\n<div class=\"wp-block-media-text alignwide is-stacked-on-mobile\" style=\"grid-template-columns:15% auto\"><figure class=\"wp-block-media-text__media\"><img loading=\"lazy\" decoding=\"async\" width=\"120\" height=\"146\" src=\"https:\/\/atom.ubbcluj.ro\/fizika\/wp-content\/uploads\/2023\/07\/LazarZsoltIosif-1.png\" alt=\"\" class=\"wp-image-2152 size-full\"\/><\/figure><div class=\"wp-block-media-text__content\">\n<h3 class=\"wp-block-heading\">Dr. L\u00e1z\u00e1r Zsolt Iosif, egyetemi adjunktus<\/h3>\n\n\n\n<p><i class=\"fas fa-building\"><\/i> 203 | <i class=\"fas fa-envelope\"><\/i> zsolt.lazar<i class=\"fas fa-at\"><\/i>ubbcluj.ro | <i class=\"fas fa-phone-square-alt\"><\/i> +40 264 405300 \/ 5156 | <i class=\"fas fa-external-link-alt\"><\/i> <a rel=\"noreferrer noopener\" href=\"https:\/\/atom.ubbcluj.ro\/zlazar\" target=\"_blank\">https:\/\/atom.ubbcluj.ro\/zlazar<\/a><\/p>\n\n\n\n<p><i class=\"fas fa-lightbulb\"><\/i> elm\u00e9leti fizika, h\u00e1l\u00f3zatok, biol\u00f3giai jelek elemz\u00e9se<\/p>\n<\/div><\/div>\n\n\n\n<div class=\"wp-block-media-text alignwide is-stacked-on-mobile\" style=\"grid-template-columns:15% auto\"><figure class=\"wp-block-media-text__media\"><img loading=\"lazy\" decoding=\"async\" width=\"120\" height=\"146\" src=\"https:\/\/atom.ubbcluj.ro\/fizika\/wp-content\/uploads\/2023\/07\/NagyKatalin.png\" alt=\"\" class=\"wp-image-2159 size-full\"\/><\/figure><div class=\"wp-block-media-text__content\">\n<h3 class=\"wp-block-heading\">Dr. Nagy Melinda-Katalin, egyetemi adjunktus<\/h3>\n\n\n\n<p><i class=\"fas fa-building\"><\/i> 213 | <i class=\"fas fa-envelope\"><\/i> katalin.nagy<i class=\"fas fa-at\"><\/i>ubbcluj.ro | <i class=\"fas fa-phone-square-alt\"><\/i> +40 264 405300 \/ 5185 | <i class=\"fas fa-external-link-alt\"><\/i> <a rel=\"noreferrer noopener\" href=\"https:\/\/atom.ubbcluj.ro\/katalin\" target=\"_blank\">https:\/\/atom.ubbcluj.ro\/katalin<\/a><\/p>\n\n\n\n<p><i class=\"fas fa-lightbulb\"><\/i> atomi \u00fctk\u00f6z\u00e9sek, interferenciajelens\u00e9gek vizsg\u00e1lata<\/p>\n<\/div><\/div>\n\n\n\n<div class=\"wp-block-media-text alignwide is-stacked-on-mobile\" style=\"grid-template-columns:15% auto\"><figure class=\"wp-block-media-text__media\"><img loading=\"lazy\" decoding=\"async\" width=\"120\" height=\"146\" src=\"https:\/\/atom.ubbcluj.ro\/fizika\/wp-content\/uploads\/2023\/07\/SandorBulcsu-1.png\" alt=\"\" class=\"wp-image-2162 size-full\"\/><\/figure><div class=\"wp-block-media-text__content\">\n<h3 class=\"wp-block-heading\">Dr. S\u00e1ndor Bulcs\u00fa, egyetemi adjunktus<\/h3>\n\n\n\n<p><i class=\"fas fa-building\"><\/i> 225 | <i class=\"fas fa-envelope\"><\/i> bulcsu.sandor<i class=\"fas fa-at\"><\/i>ubbcluj.ro | <i class=\"fas fa-phone-square-alt\"><\/i> +40 264 405300 \/ 5148 | <i class=\"fas fa-external-link-alt\"><\/i> <a rel=\"noreferrer noopener\" href=\"https:\/\/phys.ubbcluj.ro\/~bulcsu.sandor\/\" target=\"_blank\">https:\/\/phys.ubbcluj.ro\/~bulcsu.sandor\/<\/a><\/p>\n\n\n\n<p><i class=\"fas fa-lightbulb\"><\/i> dinamikai rendszerek \u00e9s k\u00e1osz, robofizika<\/p>\n<\/div><\/div>\n\n\n\n<div class=\"wp-block-media-text alignwide is-stacked-on-mobile\" style=\"grid-template-columns:15% auto\"><figure class=\"wp-block-media-text__media\"><img loading=\"lazy\" decoding=\"async\" width=\"120\" height=\"146\" src=\"https:\/\/atom.ubbcluj.ro\/fizika\/wp-content\/uploads\/2023\/07\/SarkoziZsuzsa.png\" alt=\"\" class=\"wp-image-2165 size-full\"\/><\/figure><div class=\"wp-block-media-text__content\">\n<h3 class=\"wp-block-heading\">Dr. S\u00e1rk\u00f6zi Zsuzsa, egyetemi adjunktus<\/h3>\n\n\n\n<p><i class=\"fas fa-building\"><\/i> 203 | <i class=\"fas fa-envelope\"><\/i> susana.sarkozi<i class=\"fas fa-at\"><\/i>ubbcluj.ro | <i class=\"fas fa-phone-square-alt\"><\/i> +40 264 405300 \/ 5156<\/p>\n\n\n\n<p><i class=\"fas fa-lightbulb\"><\/i> mechanika, h\u0151tan, anyagtudom\u00e1ny<\/p>\n<\/div><\/div>\n\n\n\n<div class=\"wp-block-media-text alignwide is-stacked-on-mobile\" style=\"grid-template-columns:15% auto\"><figure class=\"wp-block-media-text__media\"><img loading=\"lazy\" decoding=\"async\" width=\"120\" height=\"146\" src=\"https:\/\/atom.ubbcluj.ro\/fizika\/wp-content\/uploads\/2023\/07\/TunyagiArtur.png\" alt=\"\" class=\"wp-image-2176 size-full\"\/><\/figure><div class=\"wp-block-media-text__content\">\n<h3 class=\"wp-block-heading\">Dr. Tunyagi Arthur, egyetemi adjunktus<\/h3>\n\n\n\n<p><i class=\"fas fa-building\"><\/i> 236 | <i class=\"fas fa-envelope\"><\/i> arthur.tunyagi<i class=\"fas fa-at\"><\/i>ubbcluj.ro<\/p>\n\n\n\n<p><i class=\"fas fa-lightbulb\"><\/i> digit\u00e1lis elektronika, IoT<\/p>\n<\/div><\/div>\n\n\n\n<div class=\"wp-block-media-text alignwide is-stacked-on-mobile\" style=\"grid-template-columns:15% auto\"><figure class=\"wp-block-media-text__media\"><img loading=\"lazy\" decoding=\"async\" width=\"274\" height=\"333\" src=\"https:\/\/atom.ubbcluj.ro\/fizika\/wp-content\/uploads\/2024\/09\/TyukodiBotond.png\" alt=\"\" class=\"wp-image-2537 size-full\" srcset=\"https:\/\/atom.ubbcluj.ro\/fizika\/wp-content\/uploads\/2024\/09\/TyukodiBotond.png 274w, https:\/\/atom.ubbcluj.ro\/fizika\/wp-content\/uploads\/2024\/09\/TyukodiBotond-247x300.png 247w\" sizes=\"auto, (max-width: 274px) 100vw, 274px\" \/><\/figure><div class=\"wp-block-media-text__content\">\n<h3 class=\"wp-block-heading\">Dr. Tyukodi Botond, egyetemi adjunktus<\/h3>\n\n\n\n<p><i class=\"fas fa-building\"><\/i> 225 | <i class=\"fas fa-envelope\"><\/i> botond.tyukodi<i class=\"fas fa-at\"><\/i>ubbcluj.ro<\/p>\n\n\n\n<p><i class=\"fas fa-lightbulb\"><\/i> statisztikus fizika, sz\u00e1m\u00edt\u00f3g\u00e9pes modellez\u00e9s<\/p>\n<\/div><\/div>\n\n\n\n<div class=\"wp-block-media-text alignwide is-stacked-on-mobile\" style=\"grid-template-columns:15% auto\"><figure class=\"wp-block-media-text__media\"><img loading=\"lazy\" decoding=\"async\" width=\"120\" height=\"146\" src=\"https:\/\/atom.ubbcluj.ro\/fizika\/wp-content\/uploads\/2023\/07\/ErcseyRavaszMariaMagdolna.png\" alt=\"\" class=\"wp-image-2178 size-full\"\/><\/figure><div class=\"wp-block-media-text__content\">\n<h3 class=\"wp-block-heading\">Dr. Ercsey-Ravasz M\u00e1ria Magdolna, kutat\u00f3<\/h3>\n\n\n\n<p><i class=\"fas fa-building\"><\/i> 225 | <i class=\"fas fa-envelope\"><\/i> maria.ercsey<i class=\"fas fa-at\"><\/i>ubbcluj.ro | <i class=\"fas fa-phone-square-alt\"><\/i> +40 264 405300 \/ 5148 | <i class=\"fas fa-external-link-alt\"><\/i> <a href=\"http:\/\/sirius.phys.ubbcluj.ro:33380\/ercsey-ravasz\/\" target=\"_blank\" rel=\"noreferrer noopener\">http:\/\/sirius.phys.ubbcluj.ro:33380\/ercsey-ravasz\/<\/a><\/p>\n\n\n\n<p><i class=\"fas fa-lightbulb\"><\/i> optimiz\u00e1ci\u00f3s feladatok, anal\u00f3g sz\u00e1m\u00edt\u00f3g\u00e9pek, nemline\u00e1ris dinamika \u00e9s tranziens k\u00e1osz, &nbsp;h\u00e1l\u00f3zattudom\u00e1ny, az agy funkcion\u00e1lis ter\u00fcleteinek h\u00e1l\u00f3zata<\/p>\n<\/div><\/div>\n","protected":false},"excerpt":{"rendered":"<p>Dr. Nagy L\u00e1szl\u00f3, egyetemi tan\u00e1r 206 | ladislau.nagyubbcluj.ro | +40 264 405300 \/ 5107 | https:\/\/phys.ubbcluj.ro\/~lnagy atomi \u00fctk\u00f6z\u00e9sek elm\u00e9leti vizsg\u00e1lata Dr. N\u00e9da Zolt\u00e1n, egyetemi tan\u00e1r, a doktori iskola vezet\u0151je 313 | zoltan.nedaubbcluj.ro | https:\/\/phys.ubbcluj.ro\/~zoltan.neda statisztikus fizikai probl\u00e9m\u00e1k, interdiszciplin\u00e1ris alkalmaz\u00e1sok Dr. J\u00e1rai-Szab\u00f3 Ferenc, egyetemi docens, int\u00e9zetvezet\u0151 213 | ferenc.jaraiubbcluj.ro | +40 264 405300 \/ 5185 | &hellip; <\/p>\n<div class=\"link-more\"><a href=\"https:\/\/atom.ubbcluj.ro\/fizika\/munkatarsak\/\" class=\"more-link\">Read More<span class=\"screen-reader-text\"> &#8220;Munkat\u00e1rsak&#8221;<\/span><\/a><\/div>\n","protected":false},"author":1,"featured_media":0,"parent":0,"menu_order":0,"comment_status":"closed","ping_status":"closed","template":"","meta":{"wpupg_custom_link":[],"wpupg_custom_link_behaviour":[],"wpupg_custom_link_nofollow":[],"wpupg_custom_image":[],"wpupg_custom_image_id":[],"footnotes":""},"class_list":["post-69","page","type-page","status-publish","hentry"],"featured_image_src":null,"_links":{"self":[{"href":"https:\/\/atom.ubbcluj.ro\/fizika\/wp-json\/wp\/v2\/pages\/69","targetHints":{"allow":["GET"]}}],"collection":[{"href":"https:\/\/atom.ubbcluj.ro\/fizika\/wp-json\/wp\/v2\/pages"}],"about":[{"href":"https:\/\/atom.ubbcluj.ro\/fizika\/wp-json\/wp\/v2\/types\/page"}],"author":[{"embeddable":true,"href":"https:\/\/atom.ubbcluj.ro\/fizika\/wp-json\/wp\/v2\/users\/1"}],"replies":[{"embeddable":true,"href":"https:\/\/atom.ubbcluj.ro\/fizika\/wp-json\/wp\/v2\/comments?post=69"}],"version-history":[{"count":34,"href":"https:\/\/atom.ubbcluj.ro\/fizika\/wp-json\/wp\/v2\/pages\/69\/revisions"}],"predecessor-version":[{"id":2539,"href":"https:\/\/atom.ubbcluj.ro\/fizika\/wp-json\/wp\/v2\/pages\/69\/revisions\/2539"}],"wp:attachment":[{"href":"https:\/\/atom.ubbcluj.ro\/fizika\/wp-json\/wp\/v2\/media?parent=69"}],"curies":[{"name":"wp","href":"https:\/\/api.w.org\/{rel}","templated":true}]}}