{"id":735,"date":"2021-09-24T22:26:04","date_gmt":"2021-09-24T19:26:04","guid":{"rendered":"https:\/\/atom.ubbcluj.ro\/fizika\/?page_id=735"},"modified":"2023-06-14T14:38:08","modified_gmt":"2023-06-14T11:38:08","slug":"bentlakas","status":"publish","type":"page","link":"https:\/\/atom.ubbcluj.ro\/fizika\/bentlakas\/","title":{"rendered":"Bentlak\u00e1s &#8211; 2023-24-es tan\u00e9v"},"content":{"rendered":"\n<p><a href=\"https:\/\/senat.ubbcluj.ro\/wp-content\/uploads\/2023\/02\/Anexa-la-HS-nr.-13-referitoare-la-modificarea-Regulamentului-cadru-privind-cazarea-in-caminele-studentesti.pdf\">Egyetemi Szab\u00e1lyzat<\/a><\/p>\n\n\n\n<p><a href=\"https:\/\/phys.ubbcluj.ro\/studenti\/cazari\/Regulament_cazare_2023-24.pdf\">Kari Szab\u00e1lyzat<\/a><\/p>\n\n\n\n<p><\/p>\n\n\n\n<h2 class=\"wp-block-heading\">Hat\u00e1rid\u0151k<\/h2>\n\n\n\n<ul class=\"wp-block-list\">\n<li><a href=\"https:\/\/phys.ubbcluj.ro\/studenti\/cazari\/cerere%20de%20camin2023-24.doc\">K\u00e9r\u00e9sek<\/a> lead\u00e1sa a titk\u00e1rs\u00e1gon a 2., 3. \u00e9s 4. \u00e9ves hallgat\u00f3k eset\u00e9n: <mark style=\"background-color:rgba(0, 0, 0, 0)\" class=\"has-inline-color has-luminous-vivid-amber-color\"> j\u00fanius 14 &#8211; j\u00falius 16 2023.<\/mark><\/li>\n\n\n\n<li><a href=\"https:\/\/phys.ubbcluj.ro\/studenti\/cazari\/cerere%20de%20camin2023-24.doc\">K\u00e9r\u00e9sek<\/a> lead\u00e1sa a titk\u00e1rs\u00e1gon els\u0151\u00e9ves hallgat\u00f3k eset\u00e9n: <mark style=\"background-color:rgba(0, 0, 0, 0)\" class=\"has-inline-color has-luminous-vivid-amber-color\">a felv\u00e9teli iratokkal egy\u00fctt.<\/mark><\/li>\n\n\n\n<li>Bentlak\u00e1sban helyet kap\u00f3 di\u00e1kok list\u00e1ja, els\u0151 szakasz: <mark style=\"background-color:rgba(0, 0, 0, 0)\" class=\"has-inline-color has-luminous-vivid-amber-color\">augusztus 10 2023<\/mark><\/li>\n\n\n\n<li>Bentlak\u00e1sban helyet kap\u00f3 di\u00e1kok list\u00e1ja, m\u00e1sodik szakasz: <mark style=\"background-color:rgba(0, 0, 0, 0)\" class=\"has-inline-color has-luminous-vivid-amber-color\">szeptember 22 2023<\/mark><\/li>\n<\/ul>\n","protected":false},"excerpt":{"rendered":"<p>Egyetemi Szab\u00e1lyzat Kari Szab\u00e1lyzat Hat\u00e1rid\u0151k<\/p>\n","protected":false},"author":1,"featured_media":0,"parent":0,"menu_order":0,"comment_status":"closed","ping_status":"closed","template":"","meta":{"wpupg_custom_link":[],"wpupg_custom_link_behaviour":[],"wpupg_custom_link_nofollow":[],"wpupg_custom_image":[],"wpupg_custom_image_id":[],"footnotes":""},"class_list":["post-735","page","type-page","status-publish","hentry"],"featured_image_src":null,"_links":{"self":[{"href":"https:\/\/atom.ubbcluj.ro\/fizika\/wp-json\/wp\/v2\/pages\/735","targetHints":{"allow":["GET"]}}],"collection":[{"href":"https:\/\/atom.ubbcluj.ro\/fizika\/wp-json\/wp\/v2\/pages"}],"about":[{"href":"https:\/\/atom.ubbcluj.ro\/fizika\/wp-json\/wp\/v2\/types\/page"}],"author":[{"embeddable":true,"href":"https:\/\/atom.ubbcluj.ro\/fizika\/wp-json\/wp\/v2\/users\/1"}],"replies":[{"embeddable":true,"href":"https:\/\/atom.ubbcluj.ro\/fizika\/wp-json\/wp\/v2\/comments?post=735"}],"version-history":[{"count":6,"href":"https:\/\/atom.ubbcluj.ro\/fizika\/wp-json\/wp\/v2\/pages\/735\/revisions"}],"predecessor-version":[{"id":2036,"href":"https:\/\/atom.ubbcluj.ro\/fizika\/wp-json\/wp\/v2\/pages\/735\/revisions\/2036"}],"wp:attachment":[{"href":"https:\/\/atom.ubbcluj.ro\/fizika\/wp-json\/wp\/v2\/media?parent=735"}],"curies":[{"name":"wp","href":"https:\/\/api.w.org\/{rel}","templated":true}]}}