{"id":737,"date":"2021-09-24T22:26:23","date_gmt":"2021-09-24T19:26:23","guid":{"rendered":"https:\/\/atom.ubbcluj.ro\/fizika\/?page_id=737"},"modified":"2022-10-03T12:47:12","modified_gmt":"2022-10-03T09:47:12","slug":"fontos-tudnivalok","status":"publish","type":"page","link":"https:\/\/atom.ubbcluj.ro\/fizika\/fontos-tudnivalok\/","title":{"rendered":"Fontos tudnival\u00f3k"},"content":{"rendered":"\n<h2 class=\"wp-block-heading\" id=\"BBTE-FIZIKA-biztonsag\">Munkahelyi biztons\u00e1gi \u00e9s eg\u00e9szs\u00e9gi int\u00e9zked\u00e9sek<\/h2>\n\n\n\n<p>A BBTE Fizika Kar\u00e1n \u00e9rv\u00e9nyes munkahelyi eg\u00e9szs\u00e9gi, biztons\u00e1gi \u00e9s v\u00e9szhelyzeti int\u00e9zked\u00e9sek megtekinthet\u0151k az <a href=\"http:\/\/phys.ubbcluj.ro\/studenti\/anunturi\/2022_2023_instr_gen_anI.pdf\" target=\"_blank\" rel=\"noreferrer noopener\">\u00c1ltal\u00e1nos k\u00e9pz\u00e9s a munkahelyi biztons\u00e1gr\u00f3l \u00e9s eg\u00e9szs\u00e9gr\u0151l, valamint a v\u00e9szhelyzetekr\u0151l a di\u00e1kok sz\u00e1m\u00e1ra (RO)<\/a> c\u00edm\u0171 dokumentumban. <\/p>\n","protected":false},"excerpt":{"rendered":"<p>Munkahelyi biztons\u00e1gi \u00e9s eg\u00e9szs\u00e9gi int\u00e9zked\u00e9sek A BBTE Fizika Kar\u00e1n \u00e9rv\u00e9nyes munkahelyi eg\u00e9szs\u00e9gi, biztons\u00e1gi \u00e9s v\u00e9szhelyzeti int\u00e9zked\u00e9sek megtekinthet\u0151k az \u00c1ltal\u00e1nos k\u00e9pz\u00e9s a munkahelyi biztons\u00e1gr\u00f3l \u00e9s eg\u00e9szs\u00e9gr\u0151l, valamint a v\u00e9szhelyzetekr\u0151l a di\u00e1kok sz\u00e1m\u00e1ra (RO) c\u00edm\u0171 dokumentumban.<\/p>\n","protected":false},"author":1,"featured_media":0,"parent":0,"menu_order":0,"comment_status":"closed","ping_status":"closed","template":"","meta":{"wpupg_custom_link":[],"wpupg_custom_link_behaviour":[],"wpupg_custom_link_nofollow":[],"wpupg_custom_image":[],"wpupg_custom_image_id":[],"footnotes":""},"class_list":["post-737","page","type-page","status-publish","hentry"],"featured_image_src":null,"_links":{"self":[{"href":"https:\/\/atom.ubbcluj.ro\/fizika\/wp-json\/wp\/v2\/pages\/737","targetHints":{"allow":["GET"]}}],"collection":[{"href":"https:\/\/atom.ubbcluj.ro\/fizika\/wp-json\/wp\/v2\/pages"}],"about":[{"href":"https:\/\/atom.ubbcluj.ro\/fizika\/wp-json\/wp\/v2\/types\/page"}],"author":[{"embeddable":true,"href":"https:\/\/atom.ubbcluj.ro\/fizika\/wp-json\/wp\/v2\/users\/1"}],"replies":[{"embeddable":true,"href":"https:\/\/atom.ubbcluj.ro\/fizika\/wp-json\/wp\/v2\/comments?post=737"}],"version-history":[{"count":5,"href":"https:\/\/atom.ubbcluj.ro\/fizika\/wp-json\/wp\/v2\/pages\/737\/revisions"}],"predecessor-version":[{"id":1849,"href":"https:\/\/atom.ubbcluj.ro\/fizika\/wp-json\/wp\/v2\/pages\/737\/revisions\/1849"}],"wp:attachment":[{"href":"https:\/\/atom.ubbcluj.ro\/fizika\/wp-json\/wp\/v2\/media?parent=737"}],"curies":[{"name":"wp","href":"https:\/\/api.w.org\/{rel}","templated":true}]}}