{"id":851,"date":"2021-09-27T11:27:43","date_gmt":"2021-09-27T08:27:43","guid":{"rendered":"https:\/\/atom.ubbcluj.ro\/fizika\/?page_id=851"},"modified":"2026-03-24T09:16:56","modified_gmt":"2026-03-24T06:16:56","slug":"tantervek","status":"publish","type":"page","link":"https:\/\/atom.ubbcluj.ro\/fizika\/tantervek\/","title":{"rendered":"Tantervek"},"content":{"rendered":"\n<p>A 2025\/2026-os tan\u00e9vben 1. \u00e9ves hallgat\u00f3k tantervei<\/p>\n\n\n\n<div class=\"wp-block-buttons is-layout-flex wp-block-buttons-is-layout-flex\">\n<div class=\"wp-block-button\"><a class=\"wp-block-button__link wp-element-button\" href=\"https:\/\/phys.ubbcluj.ro\/invatamant\/planinv\/202529\/fiz_hu.pdf\" target=\"_blank\" rel=\"noreferrer noopener\"><i class=\"fas fa-atom\"><\/i> 1. Fizika <\/a><\/div>\n\n\n\n<div class=\"wp-block-button\"><a class=\"wp-block-button__link wp-element-button\" href=\"https:\/\/phys.ubbcluj.ro\/invatamant\/planinv\/202529\/fi_hu.pdf\" target=\"_blank\" rel=\"noreferrer noopener\"><i class=\"fas fa-laptop-code\"><\/i> 1. Fizika informatika<\/a><\/div>\n\n\n\n<div class=\"wp-block-button\"><a class=\"wp-block-button__link wp-element-button\" href=\"https:\/\/phys.ubbcluj.ro\/invatamant\/planinv\/202529\/ft_hu.pdf\" target=\"_blank\" rel=\"noreferrer noopener\"><i class=\"fas fa-cogs\"><\/i> 1. M\u00e9rn\u00f6ki fizika<\/a><\/div>\n<\/div>\n\n\n\n<hr class=\"wp-block-separator has-alpha-channel-opacity\"\/>\n\n\n\n<p>A 2025\/2026-os tan\u00e9vben 2. \u00e9ves hallgat\u00f3k tantervei<\/p>\n\n\n\n<div class=\"wp-block-buttons is-layout-flex wp-block-buttons-is-layout-flex\">\n<div class=\"wp-block-button\"><a class=\"wp-block-button__link wp-element-button\" href=\"http:\/\/phys.ubbcluj.ro\/invatamant\/planinv\/202428\/fiz_hu.pdf\" target=\"_blank\" rel=\"noreferrer noopener\"><i class=\"fas fa-atom\"><\/i> 1. Fizika <\/a><\/div>\n\n\n\n<div class=\"wp-block-button\"><a class=\"wp-block-button__link wp-element-button\" href=\"http:\/\/phys.ubbcluj.ro\/invatamant\/planinv\/202428\/fi_hu.pdf\" target=\"_blank\" rel=\"noreferrer noopener\"><i class=\"fas fa-laptop-code\"><\/i> 1. Fizika informatika<\/a><\/div>\n\n\n\n<div class=\"wp-block-button\"><a class=\"wp-block-button__link wp-element-button\" href=\"http:\/\/phys.ubbcluj.ro\/invatamant\/planinv\/202428\/ft_hu.pdf\" target=\"_blank\" rel=\"noreferrer noopener\"><i class=\"fas fa-cogs\"><\/i> 1. M\u00e9rn\u00f6ki fizika<\/a><\/div>\n<\/div>\n\n\n\n<hr class=\"wp-block-separator has-alpha-channel-opacity\"\/>\n\n\n\n<p>A 2025\/2026-os tan\u00e9vben 3. \u00e9ves hallgat\u00f3k tantervei<\/p>\n\n\n\n<div class=\"wp-block-buttons is-layout-flex wp-block-buttons-is-layout-flex\">\n<div class=\"wp-block-button\"><a class=\"wp-block-button__link wp-element-button\" href=\"http:\/\/phys.ubbcluj.ro\/invatamant\/planinv\/202327\/fiz_hu.pdf\" target=\"_blank\" rel=\"noreferrer noopener\"><i class=\"fas fa-atom\"><\/i> 2. Fizika <\/a><\/div>\n\n\n\n<div class=\"wp-block-button\"><a class=\"wp-block-button__link wp-element-button\" href=\"http:\/\/phys.ubbcluj.ro\/invatamant\/planinv\/202327\/fi_hu.pdf\" target=\"_blank\" rel=\"noreferrer noopener\"><i class=\"fas fa-laptop-code\"><\/i> 2. Fizika informatika<\/a><\/div>\n\n\n\n<div class=\"wp-block-button\"><a class=\"wp-block-button__link wp-element-button\" href=\"http:\/\/phys.ubbcluj.ro\/invatamant\/planinv\/202327\/ft_hu.pdf\" target=\"_blank\" rel=\"noreferrer noopener\"><i class=\"fas fa-cogs\"><\/i> 2. M\u00e9rn\u00f6ki fizika<\/a><\/div>\n<\/div>\n\n\n\n<hr class=\"wp-block-separator has-css-opacity\"\/>\n\n\n\n<p>A 2025\/2026-os tan\u00e9vben 4. \u00e9ves hallgat\u00f3k tantervei<\/p>\n\n\n\n<div class=\"wp-block-buttons is-layout-flex wp-block-buttons-is-layout-flex\">\n<div class=\"wp-block-button\"><a class=\"wp-block-button__link wp-element-button\" href=\"http:\/\/phys.ubbcluj.ro\/invatamant\/planinv\/202226\/ft_hu.pdf\" target=\"_blank\" rel=\"noreferrer noopener\"><i class=\"fas fa-cogs\"><\/i> 4. M\u00e9rn\u00f6ki fizika<\/a><\/div>\n<\/div>\n\n\n\n<hr class=\"wp-block-separator has-css-opacity\"\/>\n\n\n\n<p>A 2025\/2026-os tan\u00e9vben 1. \u00e9ves mesteris hallgat\u00f3k tantervei<\/p>\n\n\n\n<div class=\"wp-block-buttons is-layout-flex wp-block-buttons-is-layout-flex\">\n<div class=\"wp-block-button\"><a class=\"wp-block-button__link wp-element-button\" href=\"https:\/\/phys.ubbcluj.ro\/invatamant\/planinv\/202529\/fc.pdf\"><i class=\"fas fa-laptop-code\"><\/i> 1. Sz\u00e1m\u00edt\u00f3g\u00e9pes fizika <\/a><\/div>\n\n\n\n<div class=\"wp-block-button\"><a class=\"wp-block-button__link wp-element-button\" href=\"https:\/\/phys.ubbcluj.ro\/invatamant\/planinv\/202529\/fcs.pdf\" target=\"_blank\" rel=\"noreferrer noopener\"><i class=\"fas fa-cubes\"><\/i> 1. Szil\u00e1rdtestfizika<\/a><\/div>\n\n\n\n<div class=\"wp-block-button\"><a class=\"wp-block-button__link wp-element-button\" href=\"https:\/\/phys.ubbcluj.ro\/invatamant\/planinv\/202529\/bfm.pdf\" target=\"_blank\" rel=\"noreferrer noopener\"><i class=\"fas fa-file-medical\"><\/i> 1. Orvosi \u00e9s biofizika<\/a><\/div>\n\n\n\n<div class=\"wp-block-button\"><a class=\"wp-block-button__link wp-element-button\" href=\"https:\/\/phys.ubbcluj.ro\/invatamant\/planinv\/202529\/hep.pdf\" target=\"_blank\" rel=\"noreferrer noopener\"><span class=\"wp-rich-text-font-awesome-icon wp-font-awesome-icon\"><svg aria-hidden=\"true\" focusable=\"false\" data-prefix=\"fas\" data-icon=\"asterisk\" class=\"svg-inline--fa fa-asterisk \" role=\"img\" xmlns=\"http:\/\/www.w3.org\/2000\/svg\" viewBox=\"0 0 512 512\"><path fill=\"currentColor\" d=\"M478.21 334.093L336 256l142.21-78.093c11.795-6.477 15.961-21.384 9.232-33.037l-19.48-33.741c-6.728-11.653-21.72-15.499-33.227-8.523L296 186.718l3.475-162.204C299.763 11.061 288.937 0 275.48 0h-38.96c-13.456 0-24.283 11.061-23.994 24.514L216 186.718 77.265 102.607c-11.506-6.976-26.499-3.13-33.227 8.523l-19.48 33.741c-6.728 11.653-2.562 26.56 9.233 33.037L176 256 33.79 334.093c-11.795 6.477-15.961 21.384-9.232 33.037l19.48 33.741c6.728 11.653 21.721 15.499 33.227 8.523L216 325.282l-3.475 162.204C212.237 500.939 223.064 512 236.52 512h38.961c13.456 0 24.283-11.061 23.995-24.514L296 325.282l138.735 84.111c11.506 6.976 26.499 3.13 33.227-8.523l19.48-33.741c6.728-11.653 2.563-26.559-9.232-33.036z\"><\/path><\/svg><\/span> 1. Nagyenergi\u00e1s Fizika<\/a><\/div>\n<\/div>\n\n\n\n<hr class=\"wp-block-separator has-alpha-channel-opacity\"\/>\n\n\n\n<p>A 2025\/2026-os tan\u00e9vben 2. \u00e9ves mesteris hallgat\u00f3k tantervei<\/p>\n\n\n\n<div class=\"wp-block-buttons is-layout-flex wp-block-buttons-is-layout-flex\">\n<div class=\"wp-block-button\"><a class=\"wp-block-button__link wp-element-button\" href=\"http:\/\/phys.ubbcluj.ro\/invatamant\/planinv\/202428\/fc.pdf\"><i class=\"fas fa-laptop-code\"><\/i> 1. Sz\u00e1m\u00edt\u00f3g\u00e9pes fizika <\/a><\/div>\n\n\n\n<div class=\"wp-block-button\"><a class=\"wp-block-button__link wp-element-button\" href=\"http:\/\/phys.ubbcluj.ro\/invatamant\/planinv\/202428\/fcs.pdf\" target=\"_blank\" rel=\"noreferrer noopener\"><i class=\"fas fa-cubes\"><\/i> 1. Szil\u00e1rdtestfizika<\/a><\/div>\n\n\n\n<div class=\"wp-block-button\"><a class=\"wp-block-button__link wp-element-button\" href=\"http:\/\/phys.ubbcluj.ro\/invatamant\/planinv\/202428\/bfm.pdf\" target=\"_blank\" rel=\"noreferrer noopener\"><i class=\"fas fa-file-medical\"><\/i> 1. Orvosi \u00e9s biofizika<\/a><\/div>\n<\/div>\n\n\n\n<hr class=\"wp-block-separator has-alpha-channel-opacity\"\/>\n","protected":false},"excerpt":{"rendered":"<p>A 2025\/2026-os tan\u00e9vben 1. \u00e9ves hallgat\u00f3k tantervei A 2025\/2026-os tan\u00e9vben 2. \u00e9ves hallgat\u00f3k tantervei A 2025\/2026-os tan\u00e9vben 3. \u00e9ves hallgat\u00f3k tantervei A 2025\/2026-os tan\u00e9vben 4. \u00e9ves hallgat\u00f3k tantervei A 2025\/2026-os tan\u00e9vben 1. \u00e9ves mesteris hallgat\u00f3k tantervei A 2025\/2026-os tan\u00e9vben 2. \u00e9ves mesteris hallgat\u00f3k tantervei<\/p>\n","protected":false},"author":1,"featured_media":0,"parent":0,"menu_order":0,"comment_status":"closed","ping_status":"closed","template":"","meta":{"wpupg_custom_link":[],"wpupg_custom_link_behaviour":[],"wpupg_custom_link_nofollow":[],"wpupg_custom_image":[],"wpupg_custom_image_id":[],"footnotes":""},"class_list":["post-851","page","type-page","status-publish","hentry"],"featured_image_src":null,"_links":{"self":[{"href":"https:\/\/atom.ubbcluj.ro\/fizika\/wp-json\/wp\/v2\/pages\/851","targetHints":{"allow":["GET"]}}],"collection":[{"href":"https:\/\/atom.ubbcluj.ro\/fizika\/wp-json\/wp\/v2\/pages"}],"about":[{"href":"https:\/\/atom.ubbcluj.ro\/fizika\/wp-json\/wp\/v2\/types\/page"}],"author":[{"embeddable":true,"href":"https:\/\/atom.ubbcluj.ro\/fizika\/wp-json\/wp\/v2\/users\/1"}],"replies":[{"embeddable":true,"href":"https:\/\/atom.ubbcluj.ro\/fizika\/wp-json\/wp\/v2\/comments?post=851"}],"version-history":[{"count":44,"href":"https:\/\/atom.ubbcluj.ro\/fizika\/wp-json\/wp\/v2\/pages\/851\/revisions"}],"predecessor-version":[{"id":3476,"href":"https:\/\/atom.ubbcluj.ro\/fizika\/wp-json\/wp\/v2\/pages\/851\/revisions\/3476"}],"wp:attachment":[{"href":"https:\/\/atom.ubbcluj.ro\/fizika\/wp-json\/wp\/v2\/media?parent=851"}],"curies":[{"name":"wp","href":"https:\/\/api.w.org\/{rel}","templated":true}]}}