{"id":944,"date":"2021-10-22T14:27:21","date_gmt":"2021-10-22T11:27:21","guid":{"rendered":"https:\/\/atom.ubbcluj.ro\/fizika\/?page_id=944"},"modified":"2026-03-13T10:37:29","modified_gmt":"2026-03-13T07:37:29","slug":"augustin-maior-felveteli-verseny","status":"publish","type":"page","link":"https:\/\/atom.ubbcluj.ro\/fizika\/augustin-maior-felveteli-verseny\/","title":{"rendered":"Augustin Maior felv\u00e9teli verseny"},"content":{"rendered":"\n<div class=\"wp-block-columns is-layout-flex wp-container-core-columns-is-layout-9d6595d7 wp-block-columns-is-layout-flex\">\n<div class=\"wp-block-column is-layout-flow wp-block-column-is-layout-flow\" style=\"flex-basis:66.66%\">\n<p><strong>A verseny id\u0151pontja:<\/strong> 2026. \u00c1prilis 25.<\/p>\n\n\n\n<p><strong>A verseny lebonyol\u00edt\u00e1sa: <\/strong>szem\u00e9lyes r\u00e9szv\u00e9tellel<\/p>\n\n\n\n<p><strong>A verseny helysz\u00ednei:<\/strong> Kolozsv\u00e1r<\/p>\n\n\n\n<p><strong>Jelentkez\u00e9s: <\/strong><\/p>\n\n\n\n<p>Kiz\u00e1r\u00f3lag online lehet jelentkezni az al\u00e1bbi linken: <\/p>\n\n\n\n<div class=\"wp-block-buttons is-layout-flex wp-block-buttons-is-layout-flex\">\n<div class=\"wp-block-button\"><a class=\"wp-block-button__link wp-element-button\" href=\"http:\/\/atom.ubbcluj.ro\/am\/\">Jelentkez\u00e9si platform <i class=\"fas fa-angle-double-right\"><\/i><\/a><\/div>\n<\/div>\n\n\n\n<p><\/p>\n\n\n\n<p>A versenyen val\u00f3 r\u00e9szv\u00e9telhez be kell fizetni 50 lej iratkezel\u00e9si d\u00edjat (tax\u0103 de procesare) az egyetem Trezorban nyitott sz\u00e1ml\u00e1j\u00e1ra (IBAN RO35TREZ21620F330500XXXX, ad\u00f3sz\u00e1m: 4305849, B.N. Trezoreria Cluj) a k\u00f6vetkez\u0151 megjegyz\u00e9ssel: &#8220;pentru Facultatea de Fizic\u00e3, destina\u0163ie: \u00eenscriere la concursul Augustin Maior&#8221;.<\/p>\n<\/div>\n\n\n\n<div class=\"wp-block-column is-layout-flow wp-block-column-is-layout-flow\" style=\"flex-basis:33.33%\">\n<figure class=\"wp-block-image size-full is-resized\"><img loading=\"lazy\" decoding=\"async\" width=\"400\" height=\"428\" src=\"https:\/\/atom.ubbcluj.ro\/fizika\/wp-content\/uploads\/2022\/03\/am-darkdark.png\" alt=\"\" class=\"wp-image-1307\" srcset=\"https:\/\/atom.ubbcluj.ro\/fizika\/wp-content\/uploads\/2022\/03\/am-darkdark.png 400w, https:\/\/atom.ubbcluj.ro\/fizika\/wp-content\/uploads\/2022\/03\/am-darkdark-280x300.png 280w\" sizes=\"auto, (max-width: 400px) 100vw, 400px\" \/><\/figure>\n<\/div>\n<\/div>\n\n\n\n<hr class=\"wp-block-separator has-css-opacity\"\/>\n\n\n\n<p><strong>Szervez\u00e9si r\u00e9szletek:<\/strong><\/p>\n\n\n\n<ul class=\"wp-block-list\">\n<li>A megadott n\u00e9gy feladat k\u00f6z\u00fcl a jelentkez\u0151knek kett\u0151t kell megoldaniuk. K\u00e9rj\u00fck, t\u00f6lt\u0151tollal vagy goly\u00f3stollal \u00edrjanak.<\/li>\n\n\n\n<li>A verseny alatt hagyom\u00e1nyos sz\u00e1mol\u00f3g\u00e9p haszn\u00e1lhat\u00f3 (mobiltelefonos alkalmaz\u00e1s haszn\u00e1lata tilos).<\/li>\n<\/ul>\n\n\n\n<hr class=\"wp-block-separator has-css-opacity\"\/>\n\n\n\n<p><strong>A versennyel kapcsolatos hasznos inform\u00e1ci\u00f3k:<\/strong><\/p>\n\n\n\n<ul class=\"wp-block-list\">\n<li><a rel=\"noreferrer noopener\" href=\"http:\/\/phys.ubbcluj.ro\/augustinmaior\/index.html\" target=\"_blank\">A jelentkez\u00e9ssel kapcsolatos tov\u00e1bbi tudnival\u00f3k (rom\u00e1n nyelv\u0171 oldal)<\/a><\/li>\n\n\n\n<li><a href=\"https:\/\/atom.ubbcluj.ro\/fizika\/augustin-maior-1881-1963\/\" data-type=\"page\" data-id=\"953\">Augustin Maiorr\u00f3l<\/a><\/li>\n\n\n\n<li><a rel=\"noreferrer noopener\" href=\"http:\/\/www.phys.ubbcluj.ro\/augustinmaior\/documente\/regulamentAM.pdf\" target=\"_blank\">Szab\u00e1lyzat (rom\u00e1n nyelv\u0171)<\/a><\/li>\n\n\n\n<li><a href=\"http:\/\/www.phys.ubbcluj.ro\/augustinmaior\/documente\/programa.pdf\" target=\"_blank\" rel=\"noreferrer noopener\">A verseny programja (rom\u00e1n nyelv\u0171)<\/a><\/li>\n<\/ul>\n\n\n\n<p><\/p>\n","protected":false},"excerpt":{"rendered":"<p>A verseny id\u0151pontja: 2026. \u00c1prilis 25. A verseny lebonyol\u00edt\u00e1sa: szem\u00e9lyes r\u00e9szv\u00e9tellel A verseny helysz\u00ednei: Kolozsv\u00e1r Jelentkez\u00e9s: Kiz\u00e1r\u00f3lag online lehet jelentkezni az al\u00e1bbi linken: A versenyen val\u00f3 r\u00e9szv\u00e9telhez be kell fizetni 50 lej iratkezel\u00e9si d\u00edjat (tax\u0103 de procesare) az egyetem Trezorban nyitott sz\u00e1ml\u00e1j\u00e1ra (IBAN RO35TREZ21620F330500XXXX, ad\u00f3sz\u00e1m: 4305849, B.N. Trezoreria Cluj) a k\u00f6vetkez\u0151 megjegyz\u00e9ssel: &#8220;pentru Facultatea de &hellip; <\/p>\n<div class=\"link-more\"><a href=\"https:\/\/atom.ubbcluj.ro\/fizika\/augustin-maior-felveteli-verseny\/\" class=\"more-link\">Read More<span class=\"screen-reader-text\"> &#8220;Augustin Maior felv\u00e9teli verseny&#8221;<\/span><\/a><\/div>\n","protected":false},"author":2,"featured_media":0,"parent":0,"menu_order":0,"comment_status":"closed","ping_status":"closed","template":"","meta":{"wpupg_custom_link":[],"wpupg_custom_link_behaviour":[],"wpupg_custom_link_nofollow":[],"wpupg_custom_image":[],"wpupg_custom_image_id":[],"footnotes":""},"class_list":["post-944","page","type-page","status-publish","hentry"],"featured_image_src":null,"_links":{"self":[{"href":"https:\/\/atom.ubbcluj.ro\/fizika\/wp-json\/wp\/v2\/pages\/944","targetHints":{"allow":["GET"]}}],"collection":[{"href":"https:\/\/atom.ubbcluj.ro\/fizika\/wp-json\/wp\/v2\/pages"}],"about":[{"href":"https:\/\/atom.ubbcluj.ro\/fizika\/wp-json\/wp\/v2\/types\/page"}],"author":[{"embeddable":true,"href":"https:\/\/atom.ubbcluj.ro\/fizika\/wp-json\/wp\/v2\/users\/2"}],"replies":[{"embeddable":true,"href":"https:\/\/atom.ubbcluj.ro\/fizika\/wp-json\/wp\/v2\/comments?post=944"}],"version-history":[{"count":30,"href":"https:\/\/atom.ubbcluj.ro\/fizika\/wp-json\/wp\/v2\/pages\/944\/revisions"}],"predecessor-version":[{"id":3444,"href":"https:\/\/atom.ubbcluj.ro\/fizika\/wp-json\/wp\/v2\/pages\/944\/revisions\/3444"}],"wp:attachment":[{"href":"https:\/\/atom.ubbcluj.ro\/fizika\/wp-json\/wp\/v2\/media?parent=944"}],"curies":[{"name":"wp","href":"https:\/\/api.w.org\/{rel}","templated":true}]}}